{"id":1301,"date":"2025-02-04T12:40:06","date_gmt":"2025-02-04T11:40:06","guid":{"rendered":"https:\/\/www.poledance-angouleme.fr\/?page_id=1301"},"modified":"2025-06-20T11:11:16","modified_gmt":"2025-06-20T09:11:16","slug":"flying-pole-pole-volante","status":"publish","type":"page","link":"https:\/\/www.poledance-angouleme.fr\/en\/aeriens\/flying-pole-pole-volante\/","title":{"rendered":"Flying pole (pole volante)"},"content":{"rendered":"<div class=\"wp-block-media-text is-stacked-on-mobile\" style=\"grid-template-columns:33% auto\"><figure class=\"wp-block-media-text__media\"><img loading=\"lazy\" decoding=\"async\" width=\"683\" height=\"1024\" src=\"https:\/\/www.poledance-angouleme.fr\/wp-content\/uploads\/2025\/06\/att.-gGvJK4xuMTbDuDcEMt0dH7HrKvbEcC1mS4eoVpHD6Y-683x1024.jpg\" alt=\"Flying pole Angoul\u00eame\" class=\"wp-image-1331 size-full\" srcset=\"https:\/\/www.poledance-angouleme.fr\/wp-content\/uploads\/2025\/06\/att.-gGvJK4xuMTbDuDcEMt0dH7HrKvbEcC1mS4eoVpHD6Y-683x1024.jpg 683w, https:\/\/www.poledance-angouleme.fr\/wp-content\/uploads\/2025\/06\/att.-gGvJK4xuMTbDuDcEMt0dH7HrKvbEcC1mS4eoVpHD6Y-200x300.jpg 200w, https:\/\/www.poledance-angouleme.fr\/wp-content\/uploads\/2025\/06\/att.-gGvJK4xuMTbDuDcEMt0dH7HrKvbEcC1mS4eoVpHD6Y-768x1152.jpg 768w, https:\/\/www.poledance-angouleme.fr\/wp-content\/uploads\/2025\/06\/att.-gGvJK4xuMTbDuDcEMt0dH7HrKvbEcC1mS4eoVpHD6Y-1024x1536.jpg 1024w, https:\/\/www.poledance-angouleme.fr\/wp-content\/uploads\/2025\/06\/att.-gGvJK4xuMTbDuDcEMt0dH7HrKvbEcC1mS4eoVpHD6Y-8x12.jpg 8w, https:\/\/www.poledance-angouleme.fr\/wp-content\/uploads\/2025\/06\/att.-gGvJK4xuMTbDuDcEMt0dH7HrKvbEcC1mS4eoVpHD6Y.jpg 1365w\" sizes=\"(max-width: 683px) 100vw, 683px\" \/><\/figure><div class=\"wp-block-media-text__content\">\n<p>D\u00e9couvrez le cours de <strong>Flying Pole<\/strong> chez <strong>Vertical Fit Angoul\u00eame<\/strong>  ! Cette discipline spectaculaire, m\u00e9lange unique de force, d\u2019agilit\u00e9 et de gr\u00e2ce, vous permet de r\u00e9aliser des figures impressionnantes sur une <strong>barre volante<\/strong>. Contrairement \u00e0 la pole dance traditionnelle, la <strong>flying pole<\/strong> est fix\u00e9e au plafond sans accroche au sol, offrant des sensations de l\u00e9g\u00e8ret\u00e9 et de libert\u00e9 incomparables.<\/p>\n<\/div><\/div>\n\n\n\n<p>Les cours de flying pole sont ouverts \u00e0 partir du <strong>niveau d\u00e9butant2<\/strong> en pole ou les autres agr\u00e8s a\u00e9riens (si vous n&rsquo;\u00eates pas s\u00fbr de votre niveau, n&rsquo;h\u00e9sitez pas \u00e0 demander). Nous vous guiderons pas \u00e0 pas pour am\u00e9liorer votre technique, renforcer votre corps et d\u00e9velopper votre confiance en vous. En plus d\u2019\u00eatre un excellent exercice pour tout le corps, la flying pole est un v\u00e9ritable moyen d\u2019expression artistique.<\/p>\n\n\n\n<p>Informations importantes pour le <strong>cours de flying pole<\/strong> :<\/p>\n\n\n\n<ul>\n<li>Ouvert \u00e0 partir du niveau d\u00e9butant2 et + (vous devez ma\u00eetriser le \u00ab\u00a0tirer\/pousser\u00a0\u00bb)<\/li>\n\n\n\n<li>Les poles sont en silicone (ce cours est d\u00e9conseill\u00e9 si vous \u00eates allergique au silicone)<\/li>\n\n\n\n<li>Pr\u00e9voir de ce fait une tenue couvrante : chaussettes, legging, t-shirt, sweat&#8230;<\/li>\n\n\n\n<li>Nombres de places disponibles dans chaque cours : 6<\/li>\n<\/ul>","protected":false},"excerpt":{"rendered":"<p>D\u00e9couvrez le cours de Flying Pole chez Vertical Fit Angoul\u00eame ! Cette discipline spectaculaire, m\u00e9lange unique de force, d\u2019agilit\u00e9 et de gr\u00e2ce, vous permet de r\u00e9aliser des figures impressionnantes sur une barre volante. Contrairement \u00e0 la pole dance traditionnelle, la flying pole est fix\u00e9e au plafond sans accroche au sol, offrant des sensations de l\u00e9g\u00e8ret\u00e9 [&hellip;]<\/p>","protected":false},"author":1,"featured_media":0,"parent":1336,"menu_order":2,"comment_status":"closed","ping_status":"closed","template":"","meta":{"sfsi_plus_gutenberg_text_before_share":"","sfsi_plus_gutenberg_show_text_before_share":"","sfsi_plus_gutenberg_icon_type":"","sfsi_plus_gutenberg_icon_alignemt":"","sfsi_plus_gutenburg_max_per_row":"","_exactmetrics_skip_tracking":false,"_exactmetrics_sitenote_active":false,"_exactmetrics_sitenote_note":"","_exactmetrics_sitenote_category":0,"footnotes":""},"yoast_head":"<!-- This site is optimized with the Yoast SEO plugin v22.3 - https:\/\/yoast.com\/wordpress\/plugins\/seo\/ -->\n<title>Flying pole (pole volante) - Vertical Fit - Pole dance \u00e0 Angoul\u00eame<\/title>\n<meta name=\"robots\" content=\"index, follow, max-snippet:-1, max-image-preview:large, max-video-preview:-1\" \/>\n<link rel=\"canonical\" href=\"https:\/\/www.poledance-angouleme.fr\/en\/aeriens\/flying-pole-pole-volante\/\" \/>\n<meta property=\"og:locale\" content=\"en_US\" \/>\n<meta property=\"og:type\" content=\"article\" \/>\n<meta property=\"og:title\" content=\"Flying pole (pole volante) - Vertical Fit - Pole dance \u00e0 Angoul\u00eame\" \/>\n<meta property=\"og:description\" content=\"D\u00e9couvrez le cours de Flying Pole chez Vertical Fit Angoul\u00eame ! Cette discipline spectaculaire, m\u00e9lange unique de force, d\u2019agilit\u00e9 et de gr\u00e2ce, vous permet de r\u00e9aliser des figures impressionnantes sur une barre volante. Contrairement \u00e0 la pole dance traditionnelle, la flying pole est fix\u00e9e au plafond sans accroche au sol, offrant des sensations de l\u00e9g\u00e8ret\u00e9 [&hellip;]\" \/>\n<meta property=\"og:url\" content=\"https:\/\/www.poledance-angouleme.fr\/en\/aeriens\/flying-pole-pole-volante\/\" \/>\n<meta property=\"og:site_name\" content=\"Vertical Fit - Pole dance \u00e0 Angoul\u00eame\" \/>\n<meta property=\"article:modified_time\" content=\"2025-06-20T09:11:16+00:00\" \/>\n<meta property=\"og:image\" content=\"https:\/\/www.poledance-angouleme.fr\/wp-content\/uploads\/2025\/06\/att.-gGvJK4xuMTbDuDcEMt0dH7HrKvbEcC1mS4eoVpHD6Y-683x1024.jpg\" \/>\n<meta name=\"twitter:label1\" content=\"Est. reading time\" \/>\n\t<meta name=\"twitter:data1\" content=\"2 minutes\" \/>\n<script type=\"application\/ld+json\" class=\"yoast-schema-graph\">{\"@context\":\"https:\/\/schema.org\",\"@graph\":[{\"@type\":\"WebPage\",\"@id\":\"https:\/\/www.poledance-angouleme.fr\/aeriens\/flying-pole-pole-volante\/\",\"url\":\"https:\/\/www.poledance-angouleme.fr\/aeriens\/flying-pole-pole-volante\/\",\"name\":\"Flying pole (pole volante) - Vertical Fit - Pole dance \u00e0 Angoul\u00eame\",\"isPartOf\":{\"@id\":\"https:\/\/www.poledance-angouleme.fr\/#website\"},\"primaryImageOfPage\":{\"@id\":\"https:\/\/www.poledance-angouleme.fr\/aeriens\/flying-pole-pole-volante\/#primaryimage\"},\"image\":{\"@id\":\"https:\/\/www.poledance-angouleme.fr\/aeriens\/flying-pole-pole-volante\/#primaryimage\"},\"thumbnailUrl\":\"https:\/\/www.poledance-angouleme.fr\/wp-content\/uploads\/2025\/06\/att.-gGvJK4xuMTbDuDcEMt0dH7HrKvbEcC1mS4eoVpHD6Y-683x1024.jpg\",\"datePublished\":\"2025-02-04T11:40:06+00:00\",\"dateModified\":\"2025-06-20T09:11:16+00:00\",\"breadcrumb\":{\"@id\":\"https:\/\/www.poledance-angouleme.fr\/aeriens\/flying-pole-pole-volante\/#breadcrumb\"},\"inLanguage\":\"en-US\",\"potentialAction\":[{\"@type\":\"ReadAction\",\"target\":[\"https:\/\/www.poledance-angouleme.fr\/aeriens\/flying-pole-pole-volante\/\"]}]},{\"@type\":\"ImageObject\",\"inLanguage\":\"en-US\",\"@id\":\"https:\/\/www.poledance-angouleme.fr\/aeriens\/flying-pole-pole-volante\/#primaryimage\",\"url\":\"https:\/\/www.poledance-angouleme.fr\/wp-content\/uploads\/2025\/06\/att.-gGvJK4xuMTbDuDcEMt0dH7HrKvbEcC1mS4eoVpHD6Y.jpg\",\"contentUrl\":\"https:\/\/www.poledance-angouleme.fr\/wp-content\/uploads\/2025\/06\/att.-gGvJK4xuMTbDuDcEMt0dH7HrKvbEcC1mS4eoVpHD6Y.jpg\",\"width\":1365,\"height\":2048,\"caption\":\"Flying pole\"},{\"@type\":\"BreadcrumbList\",\"@id\":\"https:\/\/www.poledance-angouleme.fr\/aeriens\/flying-pole-pole-volante\/#breadcrumb\",\"itemListElement\":[{\"@type\":\"ListItem\",\"position\":1,\"name\":\"Accueil\",\"item\":\"https:\/\/www.poledance-angouleme.fr\/\"},{\"@type\":\"ListItem\",\"position\":2,\"name\":\"A\u00e9riens\",\"item\":\"https:\/\/www.poledance-angouleme.fr\/aeriens\/\"},{\"@type\":\"ListItem\",\"position\":3,\"name\":\"Flying pole (pole volante)\"}]},{\"@type\":\"WebSite\",\"@id\":\"https:\/\/www.poledance-angouleme.fr\/#website\",\"url\":\"https:\/\/www.poledance-angouleme.fr\/\",\"name\":\"Vertical Fit - Pole dance \u00e0 Angoul\u00eame\",\"description\":\"Pole dance et pole fitness \u00e0 Angoul\u00eame en Charente\",\"publisher\":{\"@id\":\"https:\/\/www.poledance-angouleme.fr\/#organization\"},\"potentialAction\":[{\"@type\":\"SearchAction\",\"target\":{\"@type\":\"EntryPoint\",\"urlTemplate\":\"https:\/\/www.poledance-angouleme.fr\/?s={search_term_string}\"},\"query-input\":\"required name=search_term_string\"}],\"inLanguage\":\"en-US\"},{\"@type\":\"Organization\",\"@id\":\"https:\/\/www.poledance-angouleme.fr\/#organization\",\"name\":\"Vertical Fit - Pole dance \u00e0 Angoul\u00eame\",\"url\":\"https:\/\/www.poledance-angouleme.fr\/\",\"logo\":{\"@type\":\"ImageObject\",\"inLanguage\":\"en-US\",\"@id\":\"https:\/\/www.poledance-angouleme.fr\/#\/schema\/logo\/image\/\",\"url\":\"https:\/\/www.poledance-angouleme.fr\/wp-content\/uploads\/2018\/05\/cropped-logolong-verticalfit-poledance-stjunien.png\",\"contentUrl\":\"https:\/\/www.poledance-angouleme.fr\/wp-content\/uploads\/2018\/05\/cropped-logolong-verticalfit-poledance-stjunien.png\",\"width\":364,\"height\":75,\"caption\":\"Vertical Fit - Pole dance \u00e0 Angoul\u00eame\"},\"image\":{\"@id\":\"https:\/\/www.poledance-angouleme.fr\/#\/schema\/logo\/image\/\"}}]}<\/script>\n<!-- \/ Yoast SEO plugin. -->","yoast_head_json":{"title":"Flying pole (pole volante) - Vertical Fit - Pole dance \u00e0 Angoul\u00eame","robots":{"index":"index","follow":"follow","max-snippet":"max-snippet:-1","max-image-preview":"max-image-preview:large","max-video-preview":"max-video-preview:-1"},"canonical":"https:\/\/www.poledance-angouleme.fr\/en\/aeriens\/flying-pole-pole-volante\/","og_locale":"en_US","og_type":"article","og_title":"Flying pole (pole volante) - Vertical Fit - Pole dance \u00e0 Angoul\u00eame","og_description":"D\u00e9couvrez le cours de Flying Pole chez Vertical Fit Angoul\u00eame ! Cette discipline spectaculaire, m\u00e9lange unique de force, d\u2019agilit\u00e9 et de gr\u00e2ce, vous permet de r\u00e9aliser des figures impressionnantes sur une barre volante. Contrairement \u00e0 la pole dance traditionnelle, la flying pole est fix\u00e9e au plafond sans accroche au sol, offrant des sensations de l\u00e9g\u00e8ret\u00e9 [&hellip;]","og_url":"https:\/\/www.poledance-angouleme.fr\/en\/aeriens\/flying-pole-pole-volante\/","og_site_name":"Vertical Fit - Pole dance \u00e0 Angoul\u00eame","article_modified_time":"2025-06-20T09:11:16+00:00","og_image":[{"url":"https:\/\/www.poledance-angouleme.fr\/wp-content\/uploads\/2025\/06\/att.-gGvJK4xuMTbDuDcEMt0dH7HrKvbEcC1mS4eoVpHD6Y-683x1024.jpg"}],"twitter_misc":{"Est. reading time":"2 minutes"},"schema":{"@context":"https:\/\/schema.org","@graph":[{"@type":"WebPage","@id":"https:\/\/www.poledance-angouleme.fr\/aeriens\/flying-pole-pole-volante\/","url":"https:\/\/www.poledance-angouleme.fr\/aeriens\/flying-pole-pole-volante\/","name":"Flying pole (pole volante) - Vertical Fit - Pole dance \u00e0 Angoul\u00eame","isPartOf":{"@id":"https:\/\/www.poledance-angouleme.fr\/#website"},"primaryImageOfPage":{"@id":"https:\/\/www.poledance-angouleme.fr\/aeriens\/flying-pole-pole-volante\/#primaryimage"},"image":{"@id":"https:\/\/www.poledance-angouleme.fr\/aeriens\/flying-pole-pole-volante\/#primaryimage"},"thumbnailUrl":"https:\/\/www.poledance-angouleme.fr\/wp-content\/uploads\/2025\/06\/att.-gGvJK4xuMTbDuDcEMt0dH7HrKvbEcC1mS4eoVpHD6Y-683x1024.jpg","datePublished":"2025-02-04T11:40:06+00:00","dateModified":"2025-06-20T09:11:16+00:00","breadcrumb":{"@id":"https:\/\/www.poledance-angouleme.fr\/aeriens\/flying-pole-pole-volante\/#breadcrumb"},"inLanguage":"en-US","potentialAction":[{"@type":"ReadAction","target":["https:\/\/www.poledance-angouleme.fr\/aeriens\/flying-pole-pole-volante\/"]}]},{"@type":"ImageObject","inLanguage":"en-US","@id":"https:\/\/www.poledance-angouleme.fr\/aeriens\/flying-pole-pole-volante\/#primaryimage","url":"https:\/\/www.poledance-angouleme.fr\/wp-content\/uploads\/2025\/06\/att.-gGvJK4xuMTbDuDcEMt0dH7HrKvbEcC1mS4eoVpHD6Y.jpg","contentUrl":"https:\/\/www.poledance-angouleme.fr\/wp-content\/uploads\/2025\/06\/att.-gGvJK4xuMTbDuDcEMt0dH7HrKvbEcC1mS4eoVpHD6Y.jpg","width":1365,"height":2048,"caption":"Flying pole"},{"@type":"BreadcrumbList","@id":"https:\/\/www.poledance-angouleme.fr\/aeriens\/flying-pole-pole-volante\/#breadcrumb","itemListElement":[{"@type":"ListItem","position":1,"name":"Accueil","item":"https:\/\/www.poledance-angouleme.fr\/"},{"@type":"ListItem","position":2,"name":"A\u00e9riens","item":"https:\/\/www.poledance-angouleme.fr\/aeriens\/"},{"@type":"ListItem","position":3,"name":"Flying pole (pole volante)"}]},{"@type":"WebSite","@id":"https:\/\/www.poledance-angouleme.fr\/#website","url":"https:\/\/www.poledance-angouleme.fr\/","name":"Vertical Fit - Pole dance \u00e0 Angoul\u00eame","description":"Pole dance et pole fitness \u00e0 Angoul\u00eame en Charente","publisher":{"@id":"https:\/\/www.poledance-angouleme.fr\/#organization"},"potentialAction":[{"@type":"SearchAction","target":{"@type":"EntryPoint","urlTemplate":"https:\/\/www.poledance-angouleme.fr\/?s={search_term_string}"},"query-input":"required name=search_term_string"}],"inLanguage":"en-US"},{"@type":"Organization","@id":"https:\/\/www.poledance-angouleme.fr\/#organization","name":"Vertical Fit - Pole dance \u00e0 Angoul\u00eame","url":"https:\/\/www.poledance-angouleme.fr\/","logo":{"@type":"ImageObject","inLanguage":"en-US","@id":"https:\/\/www.poledance-angouleme.fr\/#\/schema\/logo\/image\/","url":"https:\/\/www.poledance-angouleme.fr\/wp-content\/uploads\/2018\/05\/cropped-logolong-verticalfit-poledance-stjunien.png","contentUrl":"https:\/\/www.poledance-angouleme.fr\/wp-content\/uploads\/2018\/05\/cropped-logolong-verticalfit-poledance-stjunien.png","width":364,"height":75,"caption":"Vertical Fit - Pole dance \u00e0 Angoul\u00eame"},"image":{"@id":"https:\/\/www.poledance-angouleme.fr\/#\/schema\/logo\/image\/"}}]}},"_links":{"self":[{"href":"https:\/\/www.poledance-angouleme.fr\/en\/wp-json\/wp\/v2\/pages\/1301"}],"collection":[{"href":"https:\/\/www.poledance-angouleme.fr\/en\/wp-json\/wp\/v2\/pages"}],"about":[{"href":"https:\/\/www.poledance-angouleme.fr\/en\/wp-json\/wp\/v2\/types\/page"}],"author":[{"embeddable":true,"href":"https:\/\/www.poledance-angouleme.fr\/en\/wp-json\/wp\/v2\/users\/1"}],"replies":[{"embeddable":true,"href":"https:\/\/www.poledance-angouleme.fr\/en\/wp-json\/wp\/v2\/comments?post=1301"}],"version-history":[{"count":5,"href":"https:\/\/www.poledance-angouleme.fr\/en\/wp-json\/wp\/v2\/pages\/1301\/revisions"}],"predecessor-version":[{"id":1335,"href":"https:\/\/www.poledance-angouleme.fr\/en\/wp-json\/wp\/v2\/pages\/1301\/revisions\/1335"}],"up":[{"embeddable":true,"href":"https:\/\/www.poledance-angouleme.fr\/en\/wp-json\/wp\/v2\/pages\/1336"}],"wp:attachment":[{"href":"https:\/\/www.poledance-angouleme.fr\/en\/wp-json\/wp\/v2\/media?parent=1301"}],"curies":[{"name":"wp","href":"https:\/\/api.w.org\/{rel}","templated":true}]}}