{"id":156,"date":"2018-08-09T13:01:27","date_gmt":"2018-08-09T11:01:27","guid":{"rendered":"https:\/\/www.vertical-fit.fr\/?page_id=156"},"modified":"2022-09-01T00:22:43","modified_gmt":"2022-08-31T22:22:43","slug":"mentions-legales","status":"publish","type":"page","link":"https:\/\/www.poledance-angouleme.fr\/en\/mentions-legales\/","title":{"rendered":"Legal notice"},"content":{"rendered":"<h2>Legal notice<\/h2>\n<p>Photo credits :<br \/>\n\u00a9 La z.a.q.<\/p>\n<p>1 - Presentation of the site.<\/p>\n<p>Propri\u00e9taire du site : EURL Vertical Fit \/ M\u00e9lanie Sanchez<br \/>\nSIREN : 900110651<\/p>\n<p>Director of the publication of the website: M\u00e9lanie SANCHEZ<\/p>\n<p>Hosting:<br \/>\nSAS OVH &#8211; <a href=\"http:\/\/www.ovh.com\" rel=\"nofollow\">http:\/\/www.ovh.com<\/a><br \/>\n2 rue Kellermann<br \/>\nBP 80157<br \/>\n59100 Roubaix<\/p>\n<p>Development and graphic creation of the site: M\u00e9lanie Sanchez \/ <a href=\"https:\/\/olivier.toussaint.fr\/\">Olivier Toussaint<\/a><\/p>\n<p>2 - Conditions of use of the site<\/p>\n<p>These terms of use may be modified at any time by Vertical Fit.<br \/>\nThe user agrees to respect them.<\/p>\n<p>All the information on the site is given as an indication, they are likely to evolve and be changed at any time.<br \/>\nLes informations figurant sur le site ne sont pas exhaustives.<\/p>\n<p>Vertical Fit strives to provide up-to-date and accurate information on the site.<\/p>\n<p>Vertical Fit can not be held responsible for inaccuracies and omissions in the update, caused by its fact or the fact of the third partners who transmit this information.<\/p>\n<p>Toutes les informations indiqu\u00e9es sur le site sont donn\u00e9es \u00e0 titre indicatif et sont susceptibles d\u2019\u00e9voluer.<\/p>\n<p>3 - Description of the services provided.<\/p>\n<p>Le site a pour objet de fournir une information concernant l\u2019ensemble des activit\u00e9s de l&rsquo;\u00e9cole de pole dance ainsi qu&rsquo;un syst\u00e8me de r\u00e9servation en ligne de cours.<\/p>\n<p>4 - Intellectual property and counterfeiting<\/p>\n<p>Vertical Fit has the rights to use all the items available on the site, including text, images, graphics, logo, icons, sounds, software.<\/p>\n<p>Whatever the means or process used, any reproduction, representation, modification, publication, adaptation of all or part of the elements of the site, is prohibited without prior written permission from Vertical Fit.<br \/>\nIn accordance with the provisions of articles L.335-2 and following of the Code of Intellectual Property, any unauthorized exploitation of the site or one of the elements it contains will be considered as constituting an infringement and will be prosecuted.<\/p>\n<p>5 - Management of personal data<\/p>\n<p>Vertical Fit is committed to keeping your personal information confidential.<br \/>\nIn France, your personal data is protected by the following laws:<br \/>\nLaw No 78-87 of 6 January 1978,<br \/>\nLaw No 2004-801 of 6 August 2004,<br \/>\nArticle L. 226-13 of the Penal Code and the European Directive of 24 October 1995,<br \/>\nThe law RGPD of May 25, 2018<\/p>\n<p>You may at any time have access to your personal data concerning you and held by Vertical Fit, and thus rectify or delete them.<\/p>\n<p>6 - Limit of liability<\/p>\n<p>Lors de l\u2019acc\u00e8s au site internet, Vertical Fit ne pourra \u00eatre tenu responsable des dommages directs et indirects qui seront caus\u00e9s au mat\u00e9riel de l\u2019utilisateur, et r\u00e9sultant de l\u2019utilisation d\u2019un mat\u00e9riel ne r\u00e9pondant pas aux sp\u00e9cifications techniques du site, de l\u2019apparition d\u2019un bug ou d\u2019une incompatibilit\u00e9 technique.<\/p>\n<p>In the event of a racist, abusive, defamatory or pornographic message, regardless of the medium used (text, photography ...), Vertical Fit reserves the right to question the civil liability and \/ or criminal of the user.<\/p>\n<p>7 - Hypertext links and cookies<\/p>\n<p>Toute personne voulant \u00e9tablir un lien des liens vers le site est libre de le faire, tant que cela ne porte pas atteinte \u00e0 l\u2019image de son \u00e9diteur.<br \/>\nThese links are allowed in HTML, PHP and XML format.<\/p>\n<p>La navigation sur le site, provoquera automatiquement l\u2019installation de cookie(s) sur l\u2019ordinateur utilis\u00e9.<br \/>\nA cookie is a small file, which does not allow the identification of the user, but which will record the information related to the navigation of a computer on a site.<br \/>\nThe data obtained, will facilitate the subsequent navigation on the site, and are intended to allow various measures of attendance.<br \/>\nIf the user issues a refusal to install a cookie, it may result in the inability to access some of our services.<\/p>\n<p>8 - Applicable law and attribution of jurisdiction.<\/p>\n<p>Tout litige en relation avec l\u2019utilisation du site est soumis au droit fran\u00e7ais. Il est fait attribution exclusive de juridiction aux tribunaux comp\u00e9tents d&rsquo;Angoul\u00eame.<\/p>\n<p>9 - The main laws concerned.<\/p>\n<p>Law n \u00b0 78-17 of January 6, 1978, notably modified by the law n \u00b0 2004-801 of August 6, 2004 relating to data processing, files and freedoms.<br \/>\nLaw No. 2004-575 of 21 June 2004 on confidence in the digital economy.<br \/>\nRGPD law of May 25, 2018.<\/p>\n<p>10 - Lexicon.<\/p>\n<p>User: Internet user connecting and \/ or using the aforementioned site.<br \/>\nPersonal information: \"information that allows, in any form whatsoever, directly or indirectly, the identification of the natural persons to whom they apply\" (Article 4 of Law No. 78-17 of 6 January 1978).<\/p>","protected":false},"excerpt":{"rendered":"<p>Mentions l\u00e9gales Cr\u00e9dits photos : \u00a9 La z.a.q. 1 &#8211; Pr\u00e9sentation du site. Propri\u00e9taire du site : EURL Vertical Fit \/ M\u00e9lanie Sanchez SIREN : 900110651 Directeur de la publication du site : M\u00e9lanie SANCHEZ H\u00e9bergement du site : SAS OVH &#8211; http:\/\/www.ovh.com 2 rue Kellermann BP 80157 59100 Roubaix D\u00e9veloppement et cr\u00e9ation graphique du [&hellip;]<\/p>","protected":false},"author":1,"featured_media":0,"parent":0,"menu_order":0,"comment_status":"closed","ping_status":"closed","template":"","meta":{"sfsi_plus_gutenberg_text_before_share":"","sfsi_plus_gutenberg_show_text_before_share":"","sfsi_plus_gutenberg_icon_type":"","sfsi_plus_gutenberg_icon_alignemt":"","sfsi_plus_gutenburg_max_per_row":"","_exactmetrics_skip_tracking":false,"_exactmetrics_sitenote_active":false,"_exactmetrics_sitenote_note":"","_exactmetrics_sitenote_category":0,"footnotes":""},"yoast_head":"<!-- This site is optimized with the Yoast SEO plugin v22.3 - https:\/\/yoast.com\/wordpress\/plugins\/seo\/ -->\n<title>Mentions l\u00e9gales - Vertical Fit - Pole dance \u00e0 Angoul\u00eame<\/title>\n<meta name=\"robots\" content=\"index, follow, max-snippet:-1, max-image-preview:large, max-video-preview:-1\" \/>\n<link rel=\"canonical\" href=\"https:\/\/www.poledance-angouleme.fr\/en\/mentions-legales\/\" \/>\n<meta property=\"og:locale\" content=\"en_US\" \/>\n<meta property=\"og:type\" content=\"article\" \/>\n<meta property=\"og:title\" content=\"Mentions l\u00e9gales - Vertical Fit - Pole dance \u00e0 Angoul\u00eame\" \/>\n<meta property=\"og:description\" content=\"Mentions l\u00e9gales Cr\u00e9dits photos : \u00a9 La z.a.q. 1 &#8211; Pr\u00e9sentation du site. Propri\u00e9taire du site : EURL Vertical Fit \/ M\u00e9lanie Sanchez SIREN : 900110651 Directeur de la publication du site : M\u00e9lanie SANCHEZ H\u00e9bergement du site : SAS OVH &#8211; http:\/\/www.ovh.com 2 rue Kellermann BP 80157 59100 Roubaix D\u00e9veloppement et cr\u00e9ation graphique du [&hellip;]\" \/>\n<meta property=\"og:url\" content=\"https:\/\/www.poledance-angouleme.fr\/en\/mentions-legales\/\" \/>\n<meta property=\"og:site_name\" content=\"Vertical Fit - Pole dance \u00e0 Angoul\u00eame\" \/>\n<meta property=\"article:modified_time\" content=\"2022-08-31T22:22:43+00:00\" \/>\n<meta name=\"twitter:label1\" content=\"Est. reading time\" \/>\n\t<meta name=\"twitter:data1\" content=\"4 minutes\" \/>\n<script type=\"application\/ld+json\" class=\"yoast-schema-graph\">{\"@context\":\"https:\/\/schema.org\",\"@graph\":[{\"@type\":\"WebPage\",\"@id\":\"https:\/\/www.poledance-angouleme.fr\/mentions-legales\/\",\"url\":\"https:\/\/www.poledance-angouleme.fr\/mentions-legales\/\",\"name\":\"Mentions l\u00e9gales - Vertical Fit - Pole dance \u00e0 Angoul\u00eame\",\"isPartOf\":{\"@id\":\"https:\/\/www.poledance-angouleme.fr\/#website\"},\"datePublished\":\"2018-08-09T11:01:27+00:00\",\"dateModified\":\"2022-08-31T22:22:43+00:00\",\"breadcrumb\":{\"@id\":\"https:\/\/www.poledance-angouleme.fr\/mentions-legales\/#breadcrumb\"},\"inLanguage\":\"en-US\",\"potentialAction\":[{\"@type\":\"ReadAction\",\"target\":[\"https:\/\/www.poledance-angouleme.fr\/mentions-legales\/\"]}]},{\"@type\":\"BreadcrumbList\",\"@id\":\"https:\/\/www.poledance-angouleme.fr\/mentions-legales\/#breadcrumb\",\"itemListElement\":[{\"@type\":\"ListItem\",\"position\":1,\"name\":\"Accueil\",\"item\":\"https:\/\/www.poledance-angouleme.fr\/\"},{\"@type\":\"ListItem\",\"position\":2,\"name\":\"Mentions l\u00e9gales\"}]},{\"@type\":\"WebSite\",\"@id\":\"https:\/\/www.poledance-angouleme.fr\/#website\",\"url\":\"https:\/\/www.poledance-angouleme.fr\/\",\"name\":\"Vertical Fit - Pole dance \u00e0 Angoul\u00eame\",\"description\":\"Pole dance et pole fitness \u00e0 Angoul\u00eame en Charente\",\"publisher\":{\"@id\":\"https:\/\/www.poledance-angouleme.fr\/#organization\"},\"potentialAction\":[{\"@type\":\"SearchAction\",\"target\":{\"@type\":\"EntryPoint\",\"urlTemplate\":\"https:\/\/www.poledance-angouleme.fr\/?s={search_term_string}\"},\"query-input\":\"required name=search_term_string\"}],\"inLanguage\":\"en-US\"},{\"@type\":\"Organization\",\"@id\":\"https:\/\/www.poledance-angouleme.fr\/#organization\",\"name\":\"Vertical Fit - Pole dance \u00e0 Angoul\u00eame\",\"url\":\"https:\/\/www.poledance-angouleme.fr\/\",\"logo\":{\"@type\":\"ImageObject\",\"inLanguage\":\"en-US\",\"@id\":\"https:\/\/www.poledance-angouleme.fr\/#\/schema\/logo\/image\/\",\"url\":\"https:\/\/www.poledance-angouleme.fr\/wp-content\/uploads\/2018\/05\/cropped-logolong-verticalfit-poledance-stjunien.png\",\"contentUrl\":\"https:\/\/www.poledance-angouleme.fr\/wp-content\/uploads\/2018\/05\/cropped-logolong-verticalfit-poledance-stjunien.png\",\"width\":364,\"height\":75,\"caption\":\"Vertical Fit - Pole dance \u00e0 Angoul\u00eame\"},\"image\":{\"@id\":\"https:\/\/www.poledance-angouleme.fr\/#\/schema\/logo\/image\/\"}}]}<\/script>\n<!-- \/ Yoast SEO plugin. -->","yoast_head_json":{"title":"Mentions l\u00e9gales - Vertical Fit - Pole dance \u00e0 Angoul\u00eame","robots":{"index":"index","follow":"follow","max-snippet":"max-snippet:-1","max-image-preview":"max-image-preview:large","max-video-preview":"max-video-preview:-1"},"canonical":"https:\/\/www.poledance-angouleme.fr\/en\/mentions-legales\/","og_locale":"en_US","og_type":"article","og_title":"Mentions l\u00e9gales - Vertical Fit - Pole dance \u00e0 Angoul\u00eame","og_description":"Mentions l\u00e9gales Cr\u00e9dits photos : \u00a9 La z.a.q. 1 &#8211; Pr\u00e9sentation du site. Propri\u00e9taire du site : EURL Vertical Fit \/ M\u00e9lanie Sanchez SIREN : 900110651 Directeur de la publication du site : M\u00e9lanie SANCHEZ H\u00e9bergement du site : SAS OVH &#8211; http:\/\/www.ovh.com 2 rue Kellermann BP 80157 59100 Roubaix D\u00e9veloppement et cr\u00e9ation graphique du [&hellip;]","og_url":"https:\/\/www.poledance-angouleme.fr\/en\/mentions-legales\/","og_site_name":"Vertical Fit - Pole dance \u00e0 Angoul\u00eame","article_modified_time":"2022-08-31T22:22:43+00:00","twitter_misc":{"Est. reading time":"4 minutes"},"schema":{"@context":"https:\/\/schema.org","@graph":[{"@type":"WebPage","@id":"https:\/\/www.poledance-angouleme.fr\/mentions-legales\/","url":"https:\/\/www.poledance-angouleme.fr\/mentions-legales\/","name":"Mentions l\u00e9gales - Vertical Fit - Pole dance \u00e0 Angoul\u00eame","isPartOf":{"@id":"https:\/\/www.poledance-angouleme.fr\/#website"},"datePublished":"2018-08-09T11:01:27+00:00","dateModified":"2022-08-31T22:22:43+00:00","breadcrumb":{"@id":"https:\/\/www.poledance-angouleme.fr\/mentions-legales\/#breadcrumb"},"inLanguage":"en-US","potentialAction":[{"@type":"ReadAction","target":["https:\/\/www.poledance-angouleme.fr\/mentions-legales\/"]}]},{"@type":"BreadcrumbList","@id":"https:\/\/www.poledance-angouleme.fr\/mentions-legales\/#breadcrumb","itemListElement":[{"@type":"ListItem","position":1,"name":"Accueil","item":"https:\/\/www.poledance-angouleme.fr\/"},{"@type":"ListItem","position":2,"name":"Mentions l\u00e9gales"}]},{"@type":"WebSite","@id":"https:\/\/www.poledance-angouleme.fr\/#website","url":"https:\/\/www.poledance-angouleme.fr\/","name":"Vertical Fit - Pole dance \u00e0 Angoul\u00eame","description":"Pole dance et pole fitness \u00e0 Angoul\u00eame en Charente","publisher":{"@id":"https:\/\/www.poledance-angouleme.fr\/#organization"},"potentialAction":[{"@type":"SearchAction","target":{"@type":"EntryPoint","urlTemplate":"https:\/\/www.poledance-angouleme.fr\/?s={search_term_string}"},"query-input":"required name=search_term_string"}],"inLanguage":"en-US"},{"@type":"Organization","@id":"https:\/\/www.poledance-angouleme.fr\/#organization","name":"Vertical Fit - Pole dance \u00e0 Angoul\u00eame","url":"https:\/\/www.poledance-angouleme.fr\/","logo":{"@type":"ImageObject","inLanguage":"en-US","@id":"https:\/\/www.poledance-angouleme.fr\/#\/schema\/logo\/image\/","url":"https:\/\/www.poledance-angouleme.fr\/wp-content\/uploads\/2018\/05\/cropped-logolong-verticalfit-poledance-stjunien.png","contentUrl":"https:\/\/www.poledance-angouleme.fr\/wp-content\/uploads\/2018\/05\/cropped-logolong-verticalfit-poledance-stjunien.png","width":364,"height":75,"caption":"Vertical Fit - Pole dance \u00e0 Angoul\u00eame"},"image":{"@id":"https:\/\/www.poledance-angouleme.fr\/#\/schema\/logo\/image\/"}}]}},"_links":{"self":[{"href":"https:\/\/www.poledance-angouleme.fr\/en\/wp-json\/wp\/v2\/pages\/156"}],"collection":[{"href":"https:\/\/www.poledance-angouleme.fr\/en\/wp-json\/wp\/v2\/pages"}],"about":[{"href":"https:\/\/www.poledance-angouleme.fr\/en\/wp-json\/wp\/v2\/types\/page"}],"author":[{"embeddable":true,"href":"https:\/\/www.poledance-angouleme.fr\/en\/wp-json\/wp\/v2\/users\/1"}],"replies":[{"embeddable":true,"href":"https:\/\/www.poledance-angouleme.fr\/en\/wp-json\/wp\/v2\/comments?post=156"}],"version-history":[{"count":5,"href":"https:\/\/www.poledance-angouleme.fr\/en\/wp-json\/wp\/v2\/pages\/156\/revisions"}],"predecessor-version":[{"id":873,"href":"https:\/\/www.poledance-angouleme.fr\/en\/wp-json\/wp\/v2\/pages\/156\/revisions\/873"}],"wp:attachment":[{"href":"https:\/\/www.poledance-angouleme.fr\/en\/wp-json\/wp\/v2\/media?parent=156"}],"curies":[{"name":"wp","href":"https:\/\/api.w.org\/{rel}","templated":true}]}}