{"id":182,"date":"2018-09-11T17:00:12","date_gmt":"2018-09-11T15:00:12","guid":{"rendered":"https:\/\/www.vertical-fit.fr\/?page_id=182"},"modified":"2026-04-03T17:48:25","modified_gmt":"2026-04-03T15:48:25","slug":"presse","status":"publish","type":"page","link":"https:\/\/www.poledance-angouleme.fr\/en\/presse\/","title":{"rendered":"Press"},"content":{"rendered":"<h2>Revue de presse<\/h2>\n<p>&#8211; <a href=\"https:\/\/france3-regions.franceinfo.fr\/nouvelle-aquitaine\/charente\/angouleme\/agilite-force-et-souplesse-rencontre-avec-la-nouvelle-championne-de-france-de-cerceau-aerien-3322467.html\" target=\"_blank\" rel=\"noopener\">Article paru sur France3 Nouvelle-Aquitaine en 2026 : \u00ab\u00a0Agilit\u00e9, force et souplesse : rencontre avec la nouvelle championne de France de cerceau a\u00e9rien\u00a0\u00bb<\/a><\/p>\n<p>&#8211; <a href=\"https:\/\/www.charentelibre.fr\/charente\/angouleme\/une-angoumoisine-selectionnee-pour-les-championnats-du-monde-de-sports-aeriens-28028718.php\" target=\"_blank\" rel=\"noopener\">Article paru dans la Charente Libre en 2026 \u00ab\u00a0Une Angoumoisine s\u00e9lectionn\u00e9e pour les championnats du monde de sports a\u00e9riens\u00a0\u00bb<\/a><\/p>\n<p>&#8211; <a href=\"https:\/\/www.charentelibre.fr\/culture-et-loisirs\/entre-art-et-sport-la-pole-dance-continue-de-seduire-en-charente-18726368.php\" target=\"_blank\" rel=\"noopener\">Article paru dans la Charente Libre en 2024 \u00ab\u00a0Entre art et sport, la pole dance continue de s\u00e9duire en Charente\u00a0\u00bb<\/a><\/p>\n<p>&#8211; <a href=\"https:\/\/www.charentelibre.fr\/charente\/angouleme\/angouleme-des-cours-avec-une-championne-de-pole-dance-le-14-janvier-17997574.php\" target=\"_blank\" rel=\"noopener\">Article paru dans la Charente Libre en 2024 \u00ab\u00a0Angoul\u00eame: des cours avec une championne de Pole dance le 14 janvier\u00a0\u00bb<\/a><\/p>\n<p>&#8211; <a href=\"https:\/\/www.charentelibre.fr\/sport\/angouleme-initiation-gratuite-samedi-23-septembre-au-cerceau-aerien-16740626.php\" target=\"_blank\" rel=\"noopener\">Article paru dans la Charente Libre en 2023 : \u00ab\u00a0Angoul\u00eame: initiation gratuite samedi 23 septembre au cerceau a\u00e9rien\u00a0\u00bb<\/a><\/p>\n<p>&#8211; <a href=\"https:\/\/www.charentelibre.fr\/charente\/angouleme\/angouleme-la-pole-dance-fait-tourner-la-tete-des-futures-mariees-10828652.php\" target=\"_blank\" rel=\"noopener noreferrer\">Article paru dans la Charente Libre en 2022 : \u00ab\u00a0Angoul\u00eame : la pole dance fait tourner la t\u00eate des futures mari\u00e9es\u00a0\u00bb<\/a><\/p>","protected":false},"excerpt":{"rendered":"<p>Revue de presse &#8211; Article paru sur France3 Nouvelle-Aquitaine en 2026 : \u00ab\u00a0Agilit\u00e9, force et souplesse : rencontre avec la nouvelle championne de France de cerceau a\u00e9rien\u00a0\u00bb &#8211; Article paru dans la Charente Libre en 2026 \u00ab\u00a0Une Angoumoisine s\u00e9lectionn\u00e9e pour les championnats du monde de sports a\u00e9riens\u00a0\u00bb &#8211; Article paru dans la Charente Libre en [&hellip;]<\/p>","protected":false},"author":1,"featured_media":0,"parent":0,"menu_order":0,"comment_status":"closed","ping_status":"closed","template":"","meta":{"sfsi_plus_gutenberg_text_before_share":"","sfsi_plus_gutenberg_show_text_before_share":"","sfsi_plus_gutenberg_icon_type":"","sfsi_plus_gutenberg_icon_alignemt":"","sfsi_plus_gutenburg_max_per_row":"","_exactmetrics_skip_tracking":false,"_exactmetrics_sitenote_active":false,"_exactmetrics_sitenote_note":"","_exactmetrics_sitenote_category":0,"footnotes":""},"yoast_head":"<!-- This site is optimized with the Yoast SEO plugin v22.3 - https:\/\/yoast.com\/wordpress\/plugins\/seo\/ -->\n<title>Presse - Vertical Fit - Pole dance \u00e0 Angoul\u00eame<\/title>\n<meta name=\"robots\" content=\"index, follow, max-snippet:-1, max-image-preview:large, max-video-preview:-1\" \/>\n<link rel=\"canonical\" href=\"https:\/\/www.poledance-angouleme.fr\/en\/presse\/\" \/>\n<meta property=\"og:locale\" content=\"en_US\" \/>\n<meta property=\"og:type\" content=\"article\" \/>\n<meta property=\"og:title\" content=\"Presse - Vertical Fit - Pole dance \u00e0 Angoul\u00eame\" \/>\n<meta property=\"og:description\" content=\"Revue de presse &#8211; Article paru sur France3 Nouvelle-Aquitaine en 2026 : \u00ab\u00a0Agilit\u00e9, force et souplesse : rencontre avec la nouvelle championne de France de cerceau a\u00e9rien\u00a0\u00bb &#8211; Article paru dans la Charente Libre en 2026 \u00ab\u00a0Une Angoumoisine s\u00e9lectionn\u00e9e pour les championnats du monde de sports a\u00e9riens\u00a0\u00bb &#8211; Article paru dans la Charente Libre en [&hellip;]\" \/>\n<meta property=\"og:url\" content=\"https:\/\/www.poledance-angouleme.fr\/en\/presse\/\" \/>\n<meta property=\"og:site_name\" content=\"Vertical Fit - Pole dance \u00e0 Angoul\u00eame\" \/>\n<meta property=\"article:modified_time\" content=\"2026-04-03T15:48:25+00:00\" \/>\n<meta name=\"twitter:label1\" content=\"Est. reading time\" \/>\n\t<meta name=\"twitter:data1\" content=\"1 minute\" \/>\n<script type=\"application\/ld+json\" class=\"yoast-schema-graph\">{\"@context\":\"https:\/\/schema.org\",\"@graph\":[{\"@type\":\"WebPage\",\"@id\":\"https:\/\/www.poledance-angouleme.fr\/presse\/\",\"url\":\"https:\/\/www.poledance-angouleme.fr\/presse\/\",\"name\":\"Presse - Vertical Fit - Pole dance \u00e0 Angoul\u00eame\",\"isPartOf\":{\"@id\":\"https:\/\/www.poledance-angouleme.fr\/#website\"},\"datePublished\":\"2018-09-11T15:00:12+00:00\",\"dateModified\":\"2026-04-03T15:48:25+00:00\",\"breadcrumb\":{\"@id\":\"https:\/\/www.poledance-angouleme.fr\/presse\/#breadcrumb\"},\"inLanguage\":\"en-US\",\"potentialAction\":[{\"@type\":\"ReadAction\",\"target\":[\"https:\/\/www.poledance-angouleme.fr\/presse\/\"]}]},{\"@type\":\"BreadcrumbList\",\"@id\":\"https:\/\/www.poledance-angouleme.fr\/presse\/#breadcrumb\",\"itemListElement\":[{\"@type\":\"ListItem\",\"position\":1,\"name\":\"Accueil\",\"item\":\"https:\/\/www.poledance-angouleme.fr\/\"},{\"@type\":\"ListItem\",\"position\":2,\"name\":\"Presse\"}]},{\"@type\":\"WebSite\",\"@id\":\"https:\/\/www.poledance-angouleme.fr\/#website\",\"url\":\"https:\/\/www.poledance-angouleme.fr\/\",\"name\":\"Vertical Fit - Pole dance \u00e0 Angoul\u00eame\",\"description\":\"Pole dance et pole fitness \u00e0 Angoul\u00eame en Charente\",\"publisher\":{\"@id\":\"https:\/\/www.poledance-angouleme.fr\/#organization\"},\"potentialAction\":[{\"@type\":\"SearchAction\",\"target\":{\"@type\":\"EntryPoint\",\"urlTemplate\":\"https:\/\/www.poledance-angouleme.fr\/?s={search_term_string}\"},\"query-input\":\"required name=search_term_string\"}],\"inLanguage\":\"en-US\"},{\"@type\":\"Organization\",\"@id\":\"https:\/\/www.poledance-angouleme.fr\/#organization\",\"name\":\"Vertical Fit - Pole dance \u00e0 Angoul\u00eame\",\"url\":\"https:\/\/www.poledance-angouleme.fr\/\",\"logo\":{\"@type\":\"ImageObject\",\"inLanguage\":\"en-US\",\"@id\":\"https:\/\/www.poledance-angouleme.fr\/#\/schema\/logo\/image\/\",\"url\":\"https:\/\/www.poledance-angouleme.fr\/wp-content\/uploads\/2018\/05\/cropped-logolong-verticalfit-poledance-stjunien.png\",\"contentUrl\":\"https:\/\/www.poledance-angouleme.fr\/wp-content\/uploads\/2018\/05\/cropped-logolong-verticalfit-poledance-stjunien.png\",\"width\":364,\"height\":75,\"caption\":\"Vertical Fit - Pole dance \u00e0 Angoul\u00eame\"},\"image\":{\"@id\":\"https:\/\/www.poledance-angouleme.fr\/#\/schema\/logo\/image\/\"}}]}<\/script>\n<!-- \/ Yoast SEO plugin. -->","yoast_head_json":{"title":"Presse - Vertical Fit - Pole dance \u00e0 Angoul\u00eame","robots":{"index":"index","follow":"follow","max-snippet":"max-snippet:-1","max-image-preview":"max-image-preview:large","max-video-preview":"max-video-preview:-1"},"canonical":"https:\/\/www.poledance-angouleme.fr\/en\/presse\/","og_locale":"en_US","og_type":"article","og_title":"Presse - Vertical Fit - Pole dance \u00e0 Angoul\u00eame","og_description":"Revue de presse &#8211; Article paru sur France3 Nouvelle-Aquitaine en 2026 : \u00ab\u00a0Agilit\u00e9, force et souplesse : rencontre avec la nouvelle championne de France de cerceau a\u00e9rien\u00a0\u00bb &#8211; Article paru dans la Charente Libre en 2026 \u00ab\u00a0Une Angoumoisine s\u00e9lectionn\u00e9e pour les championnats du monde de sports a\u00e9riens\u00a0\u00bb &#8211; Article paru dans la Charente Libre en [&hellip;]","og_url":"https:\/\/www.poledance-angouleme.fr\/en\/presse\/","og_site_name":"Vertical Fit - Pole dance \u00e0 Angoul\u00eame","article_modified_time":"2026-04-03T15:48:25+00:00","twitter_misc":{"Est. reading time":"1 minute"},"schema":{"@context":"https:\/\/schema.org","@graph":[{"@type":"WebPage","@id":"https:\/\/www.poledance-angouleme.fr\/presse\/","url":"https:\/\/www.poledance-angouleme.fr\/presse\/","name":"Presse - Vertical Fit - Pole dance \u00e0 Angoul\u00eame","isPartOf":{"@id":"https:\/\/www.poledance-angouleme.fr\/#website"},"datePublished":"2018-09-11T15:00:12+00:00","dateModified":"2026-04-03T15:48:25+00:00","breadcrumb":{"@id":"https:\/\/www.poledance-angouleme.fr\/presse\/#breadcrumb"},"inLanguage":"en-US","potentialAction":[{"@type":"ReadAction","target":["https:\/\/www.poledance-angouleme.fr\/presse\/"]}]},{"@type":"BreadcrumbList","@id":"https:\/\/www.poledance-angouleme.fr\/presse\/#breadcrumb","itemListElement":[{"@type":"ListItem","position":1,"name":"Accueil","item":"https:\/\/www.poledance-angouleme.fr\/"},{"@type":"ListItem","position":2,"name":"Presse"}]},{"@type":"WebSite","@id":"https:\/\/www.poledance-angouleme.fr\/#website","url":"https:\/\/www.poledance-angouleme.fr\/","name":"Vertical Fit - Pole dance \u00e0 Angoul\u00eame","description":"Pole dance et pole fitness \u00e0 Angoul\u00eame en Charente","publisher":{"@id":"https:\/\/www.poledance-angouleme.fr\/#organization"},"potentialAction":[{"@type":"SearchAction","target":{"@type":"EntryPoint","urlTemplate":"https:\/\/www.poledance-angouleme.fr\/?s={search_term_string}"},"query-input":"required name=search_term_string"}],"inLanguage":"en-US"},{"@type":"Organization","@id":"https:\/\/www.poledance-angouleme.fr\/#organization","name":"Vertical Fit - Pole dance \u00e0 Angoul\u00eame","url":"https:\/\/www.poledance-angouleme.fr\/","logo":{"@type":"ImageObject","inLanguage":"en-US","@id":"https:\/\/www.poledance-angouleme.fr\/#\/schema\/logo\/image\/","url":"https:\/\/www.poledance-angouleme.fr\/wp-content\/uploads\/2018\/05\/cropped-logolong-verticalfit-poledance-stjunien.png","contentUrl":"https:\/\/www.poledance-angouleme.fr\/wp-content\/uploads\/2018\/05\/cropped-logolong-verticalfit-poledance-stjunien.png","width":364,"height":75,"caption":"Vertical Fit - Pole dance \u00e0 Angoul\u00eame"},"image":{"@id":"https:\/\/www.poledance-angouleme.fr\/#\/schema\/logo\/image\/"}}]}},"_links":{"self":[{"href":"https:\/\/www.poledance-angouleme.fr\/en\/wp-json\/wp\/v2\/pages\/182"}],"collection":[{"href":"https:\/\/www.poledance-angouleme.fr\/en\/wp-json\/wp\/v2\/pages"}],"about":[{"href":"https:\/\/www.poledance-angouleme.fr\/en\/wp-json\/wp\/v2\/types\/page"}],"author":[{"embeddable":true,"href":"https:\/\/www.poledance-angouleme.fr\/en\/wp-json\/wp\/v2\/users\/1"}],"replies":[{"embeddable":true,"href":"https:\/\/www.poledance-angouleme.fr\/en\/wp-json\/wp\/v2\/comments?post=182"}],"version-history":[{"count":7,"href":"https:\/\/www.poledance-angouleme.fr\/en\/wp-json\/wp\/v2\/pages\/182\/revisions"}],"predecessor-version":[{"id":1432,"href":"https:\/\/www.poledance-angouleme.fr\/en\/wp-json\/wp\/v2\/pages\/182\/revisions\/1432"}],"wp:attachment":[{"href":"https:\/\/www.poledance-angouleme.fr\/en\/wp-json\/wp\/v2\/media?parent=182"}],"curies":[{"name":"wp","href":"https:\/\/api.w.org\/{rel}","templated":true}]}}