{"id":22,"date":"2017-10-10T12:25:33","date_gmt":"2017-10-10T10:25:33","guid":{"rendered":"http:\/\/concepteur-multimedia-lyon.com\/verticalfit\/?page_id=22"},"modified":"2020-03-05T14:30:10","modified_gmt":"2020-03-05T13:30:10","slug":"activites-complementaires","status":"publish","type":"page","link":"https:\/\/www.poledance-angouleme.fr\/en\/activites-complementaires\/","title":{"rendered":"Other activities"},"content":{"rendered":"<h1 style=\"text-align: left;\">Other activities<\/h1>\n<p>Complementary courses are also open to people who do not practice pole dancing.<\/p>","protected":false},"excerpt":{"rendered":"<p>Activit\u00e9s compl\u00e9mentaires Les activit\u00e9s compl\u00e9mentaires sont \u00e9galement ouverts aux personnes ne pratiquant pas la pole dance.<\/p>","protected":false},"author":1,"featured_media":0,"parent":0,"menu_order":2,"comment_status":"closed","ping_status":"closed","template":"","meta":{"sfsi_plus_gutenberg_text_before_share":"","sfsi_plus_gutenberg_show_text_before_share":"","sfsi_plus_gutenberg_icon_type":"","sfsi_plus_gutenberg_icon_alignemt":"","sfsi_plus_gutenburg_max_per_row":"","_exactmetrics_skip_tracking":false,"_exactmetrics_sitenote_active":false,"_exactmetrics_sitenote_note":"","_exactmetrics_sitenote_category":0,"footnotes":""},"yoast_head":"<!-- This site is optimized with the Yoast SEO plugin v22.3 - https:\/\/yoast.com\/wordpress\/plugins\/seo\/ -->\n<title>Activit\u00e9s compl\u00e9mentaires - Vertical Fit - Pole dance \u00e0 Angoul\u00eame<\/title>\n<meta name=\"description\" content=\"Afin de progresser en pole dance plus rapidement, Vertical Fit vous propose des cours compl\u00e9mentaires destin\u00e9s \u00e0 am\u00e9liorer votre souplesse, \u00e0 d\u00e9velopper votre musculature ou vos \u00e9quilibres.\" \/>\n<meta name=\"robots\" content=\"index, follow, max-snippet:-1, max-image-preview:large, max-video-preview:-1\" \/>\n<link rel=\"canonical\" href=\"https:\/\/www.poledance-angouleme.fr\/en\/activites-complementaires\/\" \/>\n<meta property=\"og:locale\" content=\"en_US\" \/>\n<meta property=\"og:type\" content=\"article\" \/>\n<meta property=\"og:title\" content=\"Activit\u00e9s compl\u00e9mentaires - Vertical Fit - Pole dance \u00e0 Angoul\u00eame\" \/>\n<meta property=\"og:description\" content=\"Afin de progresser en pole dance plus rapidement, Vertical Fit vous propose des cours compl\u00e9mentaires destin\u00e9s \u00e0 am\u00e9liorer votre souplesse, \u00e0 d\u00e9velopper votre musculature ou vos \u00e9quilibres.\" \/>\n<meta property=\"og:url\" content=\"https:\/\/www.poledance-angouleme.fr\/en\/activites-complementaires\/\" \/>\n<meta property=\"og:site_name\" content=\"Vertical Fit - Pole dance \u00e0 Angoul\u00eame\" \/>\n<meta property=\"article:modified_time\" content=\"2020-03-05T13:30:10+00:00\" \/>\n<script type=\"application\/ld+json\" class=\"yoast-schema-graph\">{\"@context\":\"https:\/\/schema.org\",\"@graph\":[{\"@type\":\"WebPage\",\"@id\":\"https:\/\/www.poledance-angouleme.fr\/en\/activites-complementaires\/\",\"url\":\"https:\/\/www.poledance-angouleme.fr\/en\/activites-complementaires\/\",\"name\":\"Activit\u00e9s compl\u00e9mentaires - Vertical Fit - Pole dance \u00e0 Angoul\u00eame\",\"isPartOf\":{\"@id\":\"https:\/\/www.poledance-angouleme.fr\/#website\"},\"datePublished\":\"2017-10-10T10:25:33+00:00\",\"dateModified\":\"2020-03-05T13:30:10+00:00\",\"description\":\"Afin de progresser en pole dance plus rapidement, Vertical Fit vous propose des cours compl\u00e9mentaires destin\u00e9s \u00e0 am\u00e9liorer votre souplesse, \u00e0 d\u00e9velopper votre musculature ou vos \u00e9quilibres.\",\"breadcrumb\":{\"@id\":\"https:\/\/www.poledance-angouleme.fr\/en\/activites-complementaires\/#breadcrumb\"},\"inLanguage\":\"en-US\",\"potentialAction\":[{\"@type\":\"ReadAction\",\"target\":[\"https:\/\/www.poledance-angouleme.fr\/en\/activites-complementaires\/\"]}]},{\"@type\":\"BreadcrumbList\",\"@id\":\"https:\/\/www.poledance-angouleme.fr\/en\/activites-complementaires\/#breadcrumb\",\"itemListElement\":[{\"@type\":\"ListItem\",\"position\":1,\"name\":\"Accueil\",\"item\":\"https:\/\/www.poledance-angouleme.fr\/\"},{\"@type\":\"ListItem\",\"position\":2,\"name\":\"Activit\u00e9s compl\u00e9mentaires\"}]},{\"@type\":\"WebSite\",\"@id\":\"https:\/\/www.poledance-angouleme.fr\/#website\",\"url\":\"https:\/\/www.poledance-angouleme.fr\/\",\"name\":\"Vertical Fit - Pole dance \u00e0 Angoul\u00eame\",\"description\":\"Pole dance et pole fitness \u00e0 Angoul\u00eame en Charente\",\"publisher\":{\"@id\":\"https:\/\/www.poledance-angouleme.fr\/#organization\"},\"potentialAction\":[{\"@type\":\"SearchAction\",\"target\":{\"@type\":\"EntryPoint\",\"urlTemplate\":\"https:\/\/www.poledance-angouleme.fr\/?s={search_term_string}\"},\"query-input\":\"required name=search_term_string\"}],\"inLanguage\":\"en-US\"},{\"@type\":\"Organization\",\"@id\":\"https:\/\/www.poledance-angouleme.fr\/#organization\",\"name\":\"Vertical Fit - Pole dance \u00e0 Angoul\u00eame\",\"url\":\"https:\/\/www.poledance-angouleme.fr\/\",\"logo\":{\"@type\":\"ImageObject\",\"inLanguage\":\"en-US\",\"@id\":\"https:\/\/www.poledance-angouleme.fr\/#\/schema\/logo\/image\/\",\"url\":\"https:\/\/www.poledance-angouleme.fr\/wp-content\/uploads\/2018\/05\/cropped-logolong-verticalfit-poledance-stjunien.png\",\"contentUrl\":\"https:\/\/www.poledance-angouleme.fr\/wp-content\/uploads\/2018\/05\/cropped-logolong-verticalfit-poledance-stjunien.png\",\"width\":364,\"height\":75,\"caption\":\"Vertical Fit - Pole dance \u00e0 Angoul\u00eame\"},\"image\":{\"@id\":\"https:\/\/www.poledance-angouleme.fr\/#\/schema\/logo\/image\/\"}}]}<\/script>\n<!-- \/ Yoast SEO plugin. -->","yoast_head_json":{"title":"Activit\u00e9s compl\u00e9mentaires - Vertical Fit - Pole dance \u00e0 Angoul\u00eame","description":"Afin de progresser en pole dance plus rapidement, Vertical Fit vous propose des cours compl\u00e9mentaires destin\u00e9s \u00e0 am\u00e9liorer votre souplesse, \u00e0 d\u00e9velopper votre musculature ou vos \u00e9quilibres.","robots":{"index":"index","follow":"follow","max-snippet":"max-snippet:-1","max-image-preview":"max-image-preview:large","max-video-preview":"max-video-preview:-1"},"canonical":"https:\/\/www.poledance-angouleme.fr\/en\/activites-complementaires\/","og_locale":"en_US","og_type":"article","og_title":"Activit\u00e9s compl\u00e9mentaires - Vertical Fit - Pole dance \u00e0 Angoul\u00eame","og_description":"Afin de progresser en pole dance plus rapidement, Vertical Fit vous propose des cours compl\u00e9mentaires destin\u00e9s \u00e0 am\u00e9liorer votre souplesse, \u00e0 d\u00e9velopper votre musculature ou vos \u00e9quilibres.","og_url":"https:\/\/www.poledance-angouleme.fr\/en\/activites-complementaires\/","og_site_name":"Vertical Fit - Pole dance \u00e0 Angoul\u00eame","article_modified_time":"2020-03-05T13:30:10+00:00","schema":{"@context":"https:\/\/schema.org","@graph":[{"@type":"WebPage","@id":"https:\/\/www.poledance-angouleme.fr\/en\/activites-complementaires\/","url":"https:\/\/www.poledance-angouleme.fr\/en\/activites-complementaires\/","name":"Activit\u00e9s compl\u00e9mentaires - Vertical Fit - Pole dance \u00e0 Angoul\u00eame","isPartOf":{"@id":"https:\/\/www.poledance-angouleme.fr\/#website"},"datePublished":"2017-10-10T10:25:33+00:00","dateModified":"2020-03-05T13:30:10+00:00","description":"Afin de progresser en pole dance plus rapidement, Vertical Fit vous propose des cours compl\u00e9mentaires destin\u00e9s \u00e0 am\u00e9liorer votre souplesse, \u00e0 d\u00e9velopper votre musculature ou vos \u00e9quilibres.","breadcrumb":{"@id":"https:\/\/www.poledance-angouleme.fr\/en\/activites-complementaires\/#breadcrumb"},"inLanguage":"en-US","potentialAction":[{"@type":"ReadAction","target":["https:\/\/www.poledance-angouleme.fr\/en\/activites-complementaires\/"]}]},{"@type":"BreadcrumbList","@id":"https:\/\/www.poledance-angouleme.fr\/en\/activites-complementaires\/#breadcrumb","itemListElement":[{"@type":"ListItem","position":1,"name":"Accueil","item":"https:\/\/www.poledance-angouleme.fr\/"},{"@type":"ListItem","position":2,"name":"Activit\u00e9s compl\u00e9mentaires"}]},{"@type":"WebSite","@id":"https:\/\/www.poledance-angouleme.fr\/#website","url":"https:\/\/www.poledance-angouleme.fr\/","name":"Vertical Fit - Pole dance \u00e0 Angoul\u00eame","description":"Pole dance et pole fitness \u00e0 Angoul\u00eame en Charente","publisher":{"@id":"https:\/\/www.poledance-angouleme.fr\/#organization"},"potentialAction":[{"@type":"SearchAction","target":{"@type":"EntryPoint","urlTemplate":"https:\/\/www.poledance-angouleme.fr\/?s={search_term_string}"},"query-input":"required name=search_term_string"}],"inLanguage":"en-US"},{"@type":"Organization","@id":"https:\/\/www.poledance-angouleme.fr\/#organization","name":"Vertical Fit - Pole dance \u00e0 Angoul\u00eame","url":"https:\/\/www.poledance-angouleme.fr\/","logo":{"@type":"ImageObject","inLanguage":"en-US","@id":"https:\/\/www.poledance-angouleme.fr\/#\/schema\/logo\/image\/","url":"https:\/\/www.poledance-angouleme.fr\/wp-content\/uploads\/2018\/05\/cropped-logolong-verticalfit-poledance-stjunien.png","contentUrl":"https:\/\/www.poledance-angouleme.fr\/wp-content\/uploads\/2018\/05\/cropped-logolong-verticalfit-poledance-stjunien.png","width":364,"height":75,"caption":"Vertical Fit - Pole dance \u00e0 Angoul\u00eame"},"image":{"@id":"https:\/\/www.poledance-angouleme.fr\/#\/schema\/logo\/image\/"}}]}},"_links":{"self":[{"href":"https:\/\/www.poledance-angouleme.fr\/en\/wp-json\/wp\/v2\/pages\/22"}],"collection":[{"href":"https:\/\/www.poledance-angouleme.fr\/en\/wp-json\/wp\/v2\/pages"}],"about":[{"href":"https:\/\/www.poledance-angouleme.fr\/en\/wp-json\/wp\/v2\/types\/page"}],"author":[{"embeddable":true,"href":"https:\/\/www.poledance-angouleme.fr\/en\/wp-json\/wp\/v2\/users\/1"}],"replies":[{"embeddable":true,"href":"https:\/\/www.poledance-angouleme.fr\/en\/wp-json\/wp\/v2\/comments?post=22"}],"version-history":[{"count":20,"href":"https:\/\/www.poledance-angouleme.fr\/en\/wp-json\/wp\/v2\/pages\/22\/revisions"}],"predecessor-version":[{"id":455,"href":"https:\/\/www.poledance-angouleme.fr\/en\/wp-json\/wp\/v2\/pages\/22\/revisions\/455"}],"wp:attachment":[{"href":"https:\/\/www.poledance-angouleme.fr\/en\/wp-json\/wp\/v2\/media?parent=22"}],"curies":[{"name":"wp","href":"https:\/\/api.w.org\/{rel}","templated":true}]}}