{"id":325,"date":"2019-07-16T15:26:33","date_gmt":"2019-07-16T13:26:33","guid":{"rendered":"https:\/\/www.vertical-fit.fr\/?page_id=325"},"modified":"2025-12-03T12:11:21","modified_gmt":"2025-12-03T11:11:21","slug":"open-barres","status":"publish","type":"page","link":"https:\/\/www.poledance-angouleme.fr\/en\/open-barres\/","title":{"rendered":"Open barres \/ Open cerceau, hamac, flying pole"},"content":{"rendered":"<div class=\"wp-block-image\">\r\n<figure class=\"alignleft size-medium\"><img loading=\"lazy\" decoding=\"async\" width=\"225\" height=\"300\" class=\"wp-image-570\" src=\"https:\/\/www.poledance-angouleme.fr\/wp-content\/uploads\/2020\/10\/IMG_9244-225x300.jpg\" alt=\"salle pole dance Angoul\u00eame\" srcset=\"https:\/\/www.poledance-angouleme.fr\/wp-content\/uploads\/2020\/10\/IMG_9244-225x300.jpg 225w, https:\/\/www.poledance-angouleme.fr\/wp-content\/uploads\/2020\/10\/IMG_9244-768x1024.jpg 768w, https:\/\/www.poledance-angouleme.fr\/wp-content\/uploads\/2020\/10\/IMG_9244-1152x1536.jpg 1152w, https:\/\/www.poledance-angouleme.fr\/wp-content\/uploads\/2020\/10\/IMG_9244-rotated.jpg 1512w\" sizes=\"(max-width: 225px) 100vw, 225px\" \/><\/figure><\/div>\r\n\r\n\r\n<p>During <strong>open bars sessions<\/strong> or <strong>open cerceau<\/strong>, <strong>hamac, flying pole <\/strong>, la salle est mise \u00e0 votre disposition sans professeur (une personne de l&rsquo;\u00e9quipe sera n\u00e9anmoins pr\u00e9sent dans la salle pour des raisons de s\u00e9curit\u00e9 et d&rsquo;assurances).<\/p>\r\n\r\n\r\n\r\n<p>Les open barres\/cerceau\/hamac\/flying pole ne sont pas ouverts aux personnes n&rsquo;ayant jamais pratiqu\u00e9 la discipline concern\u00e9e pour des raisons de s\u00e9curit\u00e9. Si vous n&rsquo;avez jamais pratiqu\u00e9, merci de prendre dans un premier temps des cours avec un professeur.<\/p>\r\n\r\n\r\n\r\n<p><strong>Attention :<\/strong> vous devrez respecter les r\u00e8gles de s\u00e9curit\u00e9 et signer une d\u00e9charge de responsabilit\u00e9.<br \/><br \/>Ce sont les cr\u00e9neaux id\u00e9als pour vos trainings !<br \/><br \/>Voir <a href=\"https:\/\/resafit.vertical-fit.fr\/cours\/categorie\/144\" target=\"_blank\" rel=\"noopener\">les cr\u00e9neaux open barres<\/a>.<br \/>Voir les cr\u00e9neaux <a href=\"https:\/\/resafit.vertical-fit.fr\/cours\/categorie\/148\" target=\"_blank\" rel=\"noopener\">open cerceau, hamac, flying pole<\/a>.<\/p>","protected":false},"excerpt":{"rendered":"<p>Lors des sessions open barres ou open cerceau, hamac, flying pole , la salle est mise \u00e0 votre disposition sans professeur (une personne de l&rsquo;\u00e9quipe sera n\u00e9anmoins pr\u00e9sent dans la salle pour des raisons de s\u00e9curit\u00e9 et d&rsquo;assurances). Les open barres\/cerceau\/hamac\/flying pole ne sont pas ouverts aux personnes n&rsquo;ayant jamais pratiqu\u00e9 la discipline concern\u00e9e pour [&hellip;]<\/p>","protected":false},"author":1,"featured_media":0,"parent":0,"menu_order":0,"comment_status":"closed","ping_status":"closed","template":"","meta":{"sfsi_plus_gutenberg_text_before_share":"","sfsi_plus_gutenberg_show_text_before_share":"","sfsi_plus_gutenberg_icon_type":"","sfsi_plus_gutenberg_icon_alignemt":"","sfsi_plus_gutenburg_max_per_row":"","_exactmetrics_skip_tracking":false,"_exactmetrics_sitenote_active":false,"_exactmetrics_sitenote_note":"","_exactmetrics_sitenote_category":0,"footnotes":""},"yoast_head":"<!-- This site is optimized with the Yoast SEO plugin v22.3 - https:\/\/yoast.com\/wordpress\/plugins\/seo\/ -->\n<title>Open barres \/ Open cerceau, hamac, flying pole - Vertical Fit - Pole dance \u00e0 Angoul\u00eame<\/title>\n<meta name=\"description\" content=\"Lors des sessions open barres, la salle est mise \u00e0 votre disposition sans professeur.C&#039;est l&#039;id\u00e9al pour vos trainings ! Minimum de 3 participants requis.\" \/>\n<meta name=\"robots\" content=\"index, follow, max-snippet:-1, max-image-preview:large, max-video-preview:-1\" \/>\n<link rel=\"canonical\" href=\"https:\/\/www.poledance-angouleme.fr\/en\/open-barres\/\" \/>\n<meta property=\"og:locale\" content=\"en_US\" \/>\n<meta property=\"og:type\" content=\"article\" \/>\n<meta property=\"og:title\" content=\"Open barres \/ Open cerceau, hamac, flying pole - Vertical Fit - Pole dance \u00e0 Angoul\u00eame\" \/>\n<meta property=\"og:description\" content=\"Lors des sessions open barres, la salle est mise \u00e0 votre disposition sans professeur.C&#039;est l&#039;id\u00e9al pour vos trainings ! Minimum de 3 participants requis.\" \/>\n<meta property=\"og:url\" content=\"https:\/\/www.poledance-angouleme.fr\/en\/open-barres\/\" \/>\n<meta property=\"og:site_name\" content=\"Vertical Fit - Pole dance \u00e0 Angoul\u00eame\" \/>\n<meta property=\"article:modified_time\" content=\"2025-12-03T11:11:21+00:00\" \/>\n<meta property=\"og:image\" content=\"https:\/\/www.poledance-angouleme.fr\/wp-content\/uploads\/2020\/10\/IMG_9244-225x300.jpg\" \/>\n<meta name=\"twitter:label1\" content=\"Est. reading time\" \/>\n\t<meta name=\"twitter:data1\" content=\"1 minute\" \/>\n<script type=\"application\/ld+json\" class=\"yoast-schema-graph\">{\"@context\":\"https:\/\/schema.org\",\"@graph\":[{\"@type\":\"WebPage\",\"@id\":\"https:\/\/www.poledance-angouleme.fr\/open-barres\/\",\"url\":\"https:\/\/www.poledance-angouleme.fr\/open-barres\/\",\"name\":\"Open barres \/ Open cerceau, hamac, flying pole - Vertical Fit - Pole dance \u00e0 Angoul\u00eame\",\"isPartOf\":{\"@id\":\"https:\/\/www.poledance-angouleme.fr\/#website\"},\"primaryImageOfPage\":{\"@id\":\"https:\/\/www.poledance-angouleme.fr\/open-barres\/#primaryimage\"},\"image\":{\"@id\":\"https:\/\/www.poledance-angouleme.fr\/open-barres\/#primaryimage\"},\"thumbnailUrl\":\"https:\/\/www.poledance-angouleme.fr\/wp-content\/uploads\/2020\/10\/IMG_9244-225x300.jpg\",\"datePublished\":\"2019-07-16T13:26:33+00:00\",\"dateModified\":\"2025-12-03T11:11:21+00:00\",\"description\":\"Lors des sessions open barres, la salle est mise \u00e0 votre disposition sans professeur.C'est l'id\u00e9al pour vos trainings ! Minimum de 3 participants requis.\",\"breadcrumb\":{\"@id\":\"https:\/\/www.poledance-angouleme.fr\/open-barres\/#breadcrumb\"},\"inLanguage\":\"en-US\",\"potentialAction\":[{\"@type\":\"ReadAction\",\"target\":[\"https:\/\/www.poledance-angouleme.fr\/open-barres\/\"]}]},{\"@type\":\"ImageObject\",\"inLanguage\":\"en-US\",\"@id\":\"https:\/\/www.poledance-angouleme.fr\/open-barres\/#primaryimage\",\"url\":\"https:\/\/www.poledance-angouleme.fr\/wp-content\/uploads\/2020\/10\/IMG_9244-225x300.jpg\",\"contentUrl\":\"https:\/\/www.poledance-angouleme.fr\/wp-content\/uploads\/2020\/10\/IMG_9244-225x300.jpg\"},{\"@type\":\"BreadcrumbList\",\"@id\":\"https:\/\/www.poledance-angouleme.fr\/open-barres\/#breadcrumb\",\"itemListElement\":[{\"@type\":\"ListItem\",\"position\":1,\"name\":\"Accueil\",\"item\":\"https:\/\/www.poledance-angouleme.fr\/\"},{\"@type\":\"ListItem\",\"position\":2,\"name\":\"Open barres \/ Open cerceau, hamac, flying pole\"}]},{\"@type\":\"WebSite\",\"@id\":\"https:\/\/www.poledance-angouleme.fr\/#website\",\"url\":\"https:\/\/www.poledance-angouleme.fr\/\",\"name\":\"Vertical Fit - Pole dance \u00e0 Angoul\u00eame\",\"description\":\"Pole dance et pole fitness \u00e0 Angoul\u00eame en Charente\",\"publisher\":{\"@id\":\"https:\/\/www.poledance-angouleme.fr\/#organization\"},\"potentialAction\":[{\"@type\":\"SearchAction\",\"target\":{\"@type\":\"EntryPoint\",\"urlTemplate\":\"https:\/\/www.poledance-angouleme.fr\/?s={search_term_string}\"},\"query-input\":\"required name=search_term_string\"}],\"inLanguage\":\"en-US\"},{\"@type\":\"Organization\",\"@id\":\"https:\/\/www.poledance-angouleme.fr\/#organization\",\"name\":\"Vertical Fit - Pole dance \u00e0 Angoul\u00eame\",\"url\":\"https:\/\/www.poledance-angouleme.fr\/\",\"logo\":{\"@type\":\"ImageObject\",\"inLanguage\":\"en-US\",\"@id\":\"https:\/\/www.poledance-angouleme.fr\/#\/schema\/logo\/image\/\",\"url\":\"https:\/\/www.poledance-angouleme.fr\/wp-content\/uploads\/2018\/05\/cropped-logolong-verticalfit-poledance-stjunien.png\",\"contentUrl\":\"https:\/\/www.poledance-angouleme.fr\/wp-content\/uploads\/2018\/05\/cropped-logolong-verticalfit-poledance-stjunien.png\",\"width\":364,\"height\":75,\"caption\":\"Vertical Fit - Pole dance \u00e0 Angoul\u00eame\"},\"image\":{\"@id\":\"https:\/\/www.poledance-angouleme.fr\/#\/schema\/logo\/image\/\"}}]}<\/script>\n<!-- \/ Yoast SEO plugin. -->","yoast_head_json":{"title":"Open barres \/ Open cerceau, hamac, flying pole - Vertical Fit - Pole dance \u00e0 Angoul\u00eame","description":"Lors des sessions open barres, la salle est mise \u00e0 votre disposition sans professeur.C'est l'id\u00e9al pour vos trainings ! Minimum de 3 participants requis.","robots":{"index":"index","follow":"follow","max-snippet":"max-snippet:-1","max-image-preview":"max-image-preview:large","max-video-preview":"max-video-preview:-1"},"canonical":"https:\/\/www.poledance-angouleme.fr\/en\/open-barres\/","og_locale":"en_US","og_type":"article","og_title":"Open barres \/ Open cerceau, hamac, flying pole - Vertical Fit - Pole dance \u00e0 Angoul\u00eame","og_description":"Lors des sessions open barres, la salle est mise \u00e0 votre disposition sans professeur.C'est l'id\u00e9al pour vos trainings ! Minimum de 3 participants requis.","og_url":"https:\/\/www.poledance-angouleme.fr\/en\/open-barres\/","og_site_name":"Vertical Fit - Pole dance \u00e0 Angoul\u00eame","article_modified_time":"2025-12-03T11:11:21+00:00","og_image":[{"url":"https:\/\/www.poledance-angouleme.fr\/wp-content\/uploads\/2020\/10\/IMG_9244-225x300.jpg"}],"twitter_misc":{"Est. reading time":"1 minute"},"schema":{"@context":"https:\/\/schema.org","@graph":[{"@type":"WebPage","@id":"https:\/\/www.poledance-angouleme.fr\/open-barres\/","url":"https:\/\/www.poledance-angouleme.fr\/open-barres\/","name":"Open barres \/ Open cerceau, hamac, flying pole - Vertical Fit - Pole dance \u00e0 Angoul\u00eame","isPartOf":{"@id":"https:\/\/www.poledance-angouleme.fr\/#website"},"primaryImageOfPage":{"@id":"https:\/\/www.poledance-angouleme.fr\/open-barres\/#primaryimage"},"image":{"@id":"https:\/\/www.poledance-angouleme.fr\/open-barres\/#primaryimage"},"thumbnailUrl":"https:\/\/www.poledance-angouleme.fr\/wp-content\/uploads\/2020\/10\/IMG_9244-225x300.jpg","datePublished":"2019-07-16T13:26:33+00:00","dateModified":"2025-12-03T11:11:21+00:00","description":"Lors des sessions open barres, la salle est mise \u00e0 votre disposition sans professeur.C'est l'id\u00e9al pour vos trainings ! Minimum de 3 participants requis.","breadcrumb":{"@id":"https:\/\/www.poledance-angouleme.fr\/open-barres\/#breadcrumb"},"inLanguage":"en-US","potentialAction":[{"@type":"ReadAction","target":["https:\/\/www.poledance-angouleme.fr\/open-barres\/"]}]},{"@type":"ImageObject","inLanguage":"en-US","@id":"https:\/\/www.poledance-angouleme.fr\/open-barres\/#primaryimage","url":"https:\/\/www.poledance-angouleme.fr\/wp-content\/uploads\/2020\/10\/IMG_9244-225x300.jpg","contentUrl":"https:\/\/www.poledance-angouleme.fr\/wp-content\/uploads\/2020\/10\/IMG_9244-225x300.jpg"},{"@type":"BreadcrumbList","@id":"https:\/\/www.poledance-angouleme.fr\/open-barres\/#breadcrumb","itemListElement":[{"@type":"ListItem","position":1,"name":"Accueil","item":"https:\/\/www.poledance-angouleme.fr\/"},{"@type":"ListItem","position":2,"name":"Open barres \/ Open cerceau, hamac, flying pole"}]},{"@type":"WebSite","@id":"https:\/\/www.poledance-angouleme.fr\/#website","url":"https:\/\/www.poledance-angouleme.fr\/","name":"Vertical Fit - Pole dance \u00e0 Angoul\u00eame","description":"Pole dance et pole fitness \u00e0 Angoul\u00eame en Charente","publisher":{"@id":"https:\/\/www.poledance-angouleme.fr\/#organization"},"potentialAction":[{"@type":"SearchAction","target":{"@type":"EntryPoint","urlTemplate":"https:\/\/www.poledance-angouleme.fr\/?s={search_term_string}"},"query-input":"required name=search_term_string"}],"inLanguage":"en-US"},{"@type":"Organization","@id":"https:\/\/www.poledance-angouleme.fr\/#organization","name":"Vertical Fit - Pole dance \u00e0 Angoul\u00eame","url":"https:\/\/www.poledance-angouleme.fr\/","logo":{"@type":"ImageObject","inLanguage":"en-US","@id":"https:\/\/www.poledance-angouleme.fr\/#\/schema\/logo\/image\/","url":"https:\/\/www.poledance-angouleme.fr\/wp-content\/uploads\/2018\/05\/cropped-logolong-verticalfit-poledance-stjunien.png","contentUrl":"https:\/\/www.poledance-angouleme.fr\/wp-content\/uploads\/2018\/05\/cropped-logolong-verticalfit-poledance-stjunien.png","width":364,"height":75,"caption":"Vertical Fit - Pole dance \u00e0 Angoul\u00eame"},"image":{"@id":"https:\/\/www.poledance-angouleme.fr\/#\/schema\/logo\/image\/"}}]}},"_links":{"self":[{"href":"https:\/\/www.poledance-angouleme.fr\/en\/wp-json\/wp\/v2\/pages\/325"}],"collection":[{"href":"https:\/\/www.poledance-angouleme.fr\/en\/wp-json\/wp\/v2\/pages"}],"about":[{"href":"https:\/\/www.poledance-angouleme.fr\/en\/wp-json\/wp\/v2\/types\/page"}],"author":[{"embeddable":true,"href":"https:\/\/www.poledance-angouleme.fr\/en\/wp-json\/wp\/v2\/users\/1"}],"replies":[{"embeddable":true,"href":"https:\/\/www.poledance-angouleme.fr\/en\/wp-json\/wp\/v2\/comments?post=325"}],"version-history":[{"count":14,"href":"https:\/\/www.poledance-angouleme.fr\/en\/wp-json\/wp\/v2\/pages\/325\/revisions"}],"predecessor-version":[{"id":1414,"href":"https:\/\/www.poledance-angouleme.fr\/en\/wp-json\/wp\/v2\/pages\/325\/revisions\/1414"}],"wp:attachment":[{"href":"https:\/\/www.poledance-angouleme.fr\/en\/wp-json\/wp\/v2\/media?parent=325"}],"curies":[{"name":"wp","href":"https:\/\/api.w.org\/{rel}","templated":true}]}}