{"id":330,"date":"2019-07-16T15:29:12","date_gmt":"2019-07-16T13:29:12","guid":{"rendered":"https:\/\/www.vertical-fit.fr\/?page_id=330"},"modified":"2025-09-24T10:34:35","modified_gmt":"2025-09-24T08:34:35","slug":"evjf-anniversaires","status":"publish","type":"page","link":"https:\/\/www.poledance-angouleme.fr\/en\/evjf-anniversaires\/","title":{"rendered":"EVJF, EVG ou anniversaires"},"content":{"rendered":"<div class=\"wp-block-image\">\r\n<figure class=\"alignleft size-full is-resized\"><img loading=\"lazy\" decoding=\"async\" width=\"486\" height=\"700\" class=\"wp-image-288\" style=\"aspect-ratio: 0.6928104575163399; width: 234px; height: auto;\" src=\"https:\/\/www.poledance-angouleme.fr\/wp-content\/uploads\/2019\/05\/pole-dance-evjf-saint-junien.jpg\" alt=\"Pole dance - Enterrement vie de jeune fille Angoul\u00eame\" srcset=\"https:\/\/www.poledance-angouleme.fr\/wp-content\/uploads\/2019\/05\/pole-dance-evjf-saint-junien.jpg 486w, https:\/\/www.poledance-angouleme.fr\/wp-content\/uploads\/2019\/05\/pole-dance-evjf-saint-junien-208x300.jpg 208w\" sizes=\"(max-width: 486px) 100vw, 486px\" \/><\/figure><\/div>\r\n\r\n\r\n<p>A <strong>bachelorette party<\/strong> (ou de gar\u00e7on) ou bien un <strong>birthday<\/strong> \u00e0 c\u00e9l\u00e9brer \u00e0 Angoul\u00eame ?<br \/>Nous pouvons r\u00e9server des cr\u00e9neaux pour vous !<\/p>\r\n\r\n\r\n\r\n<p><strong>EVJF ou EVG Pole Dance \u00e0 Angoul\u00eame :<\/strong><br \/>For <strong>stag or hen parties, or birthdays<\/strong>, Vertical Fit - Pole Dance Angoul\u00eame offers you a 1h30 lesson composed as follows:<br \/>- 10 minutes warm up<br \/>- 50 minutes of technical course (tricks of initiation level (accessible to everyone))<br \/>- 25 minutes of choreo including figures learned previously<br \/>- 5 minutes of stretching.<br \/>You will of course have plenty of time to take pictures and videos during this class!<br \/>If you want another course format or if some participants already practice pole dance, do not hesitate in contacting us! We adapt  :)<\/p>\r\n\r\n\r\n\r\n<div class=\"wp-block-media-text alignwide is-stacked-on-mobile\" style=\"grid-template-columns: 23% auto;\">\r\n<figure class=\"wp-block-media-text__media\"><img loading=\"lazy\" decoding=\"async\" width=\"1024\" height=\"1024\" class=\"wp-image-941 size-full\" src=\"https:\/\/www.poledance-angouleme.fr\/wp-content\/uploads\/2023\/03\/FLLQ9440-1024x1024.jpg\" alt=\"EVJF Pole Dance - Angoul\u00eame\" srcset=\"https:\/\/www.poledance-angouleme.fr\/wp-content\/uploads\/2023\/03\/FLLQ9440-1024x1024.jpg 1024w, https:\/\/www.poledance-angouleme.fr\/wp-content\/uploads\/2023\/03\/FLLQ9440-300x300.jpg 300w, https:\/\/www.poledance-angouleme.fr\/wp-content\/uploads\/2023\/03\/FLLQ9440-150x150.jpg 150w, https:\/\/www.poledance-angouleme.fr\/wp-content\/uploads\/2023\/03\/FLLQ9440-768x768.jpg 768w, https:\/\/www.poledance-angouleme.fr\/wp-content\/uploads\/2023\/03\/FLLQ9440-12x12.jpg 12w, https:\/\/www.poledance-angouleme.fr\/wp-content\/uploads\/2023\/03\/FLLQ9440.jpg 1440w\" sizes=\"(max-width: 1024px) 100vw, 1024px\" \/><\/figure>\r\n<div class=\"wp-block-media-text__content\">\r\n<p><strong>Price:<\/strong> 30\u20ac\/personne pour 1h30 de cours<br \/>Minimum de participants requis : 7 participants <br \/><strong>WARNING<\/strong> : si moins de 7 participants = tarif \u00e0 35\u20ac\/personne \/ Si moins de 4 participants = tarif \u00e0 40\u20ac\/personne<br \/><strong>From 15 participants, Vertical Fit offers you the participation of the bride!<\/strong> <br \/>Tarif d\u00e9gressif si vous souhaitez r\u00e9server 2 activit\u00e9s (ou plus) diff\u00e9rentes : nous contacter.<br \/><br \/><strong>Attention : le paiement total est requis afin de r\u00e9server la date de l&rsquo;\u00e9v\u00e8nement pour votre groupe !<\/strong><br \/>Pas de paiement = pas de r\u00e9servation de la salle pour le cr\u00e9neau de votre groupe !<\/p>\r\n<\/div>\r\n<\/div>\r\n\r\n\r\n\r\n<div class=\"wp-block-media-text alignwide has-media-on-the-right is-stacked-on-mobile\" style=\"grid-template-columns: auto 25%;\">\r\n<div class=\"wp-block-media-text__content\">\r\n<p class=\"has-large-font-size\">Eh oui il y a aussi des gar\u00e7ons !<\/p>\r\n<\/div>\r\n<figure class=\"wp-block-media-text__media\"><img loading=\"lazy\" decoding=\"async\" width=\"1024\" height=\"1020\" class=\"wp-image-936 size-full\" src=\"https:\/\/www.poledance-angouleme.fr\/wp-content\/uploads\/2023\/03\/CYAN1856-1024x1020.jpg\" alt=\"EVG Pole Dance - Angoul\u00eame\" srcset=\"https:\/\/www.poledance-angouleme.fr\/wp-content\/uploads\/2023\/03\/CYAN1856-1024x1020.jpg 1024w, https:\/\/www.poledance-angouleme.fr\/wp-content\/uploads\/2023\/03\/CYAN1856-300x300.jpg 300w, https:\/\/www.poledance-angouleme.fr\/wp-content\/uploads\/2023\/03\/CYAN1856-150x150.jpg 150w, https:\/\/www.poledance-angouleme.fr\/wp-content\/uploads\/2023\/03\/CYAN1856-768x765.jpg 768w, https:\/\/www.poledance-angouleme.fr\/wp-content\/uploads\/2023\/03\/CYAN1856-12x12.jpg 12w, https:\/\/www.poledance-angouleme.fr\/wp-content\/uploads\/2023\/03\/CYAN1856.jpg 1440w\" sizes=\"(max-width: 1024px) 100vw, 1024px\" \/><\/figure>\r\n<\/div>\r\n\r\n\r\n\r\n<div class=\"wp-block-media-text alignwide is-stacked-on-mobile\" style=\"grid-template-columns: 36% auto;\">\r\n<figure class=\"wp-block-media-text__media\"><img loading=\"lazy\" decoding=\"async\" width=\"1024\" height=\"768\" class=\"wp-image-938 size-full\" src=\"https:\/\/www.poledance-angouleme.fr\/wp-content\/uploads\/2023\/03\/IMG_6366-1024x768.jpg\" alt=\"EVJF Chair Dance - Angoul\u00eame\" srcset=\"https:\/\/www.poledance-angouleme.fr\/wp-content\/uploads\/2023\/03\/IMG_6366-1024x768.jpg 1024w, https:\/\/www.poledance-angouleme.fr\/wp-content\/uploads\/2023\/03\/IMG_6366-300x225.jpg 300w, https:\/\/www.poledance-angouleme.fr\/wp-content\/uploads\/2023\/03\/IMG_6366-768x576.jpg 768w, https:\/\/www.poledance-angouleme.fr\/wp-content\/uploads\/2023\/03\/IMG_6366-1536x1152.jpg 1536w, https:\/\/www.poledance-angouleme.fr\/wp-content\/uploads\/2023\/03\/IMG_6366-2048x1536.jpg 2048w, https:\/\/www.poledance-angouleme.fr\/wp-content\/uploads\/2023\/03\/IMG_6366-16x12.jpg 16w\" sizes=\"(max-width: 1024px) 100vw, 1024px\" \/><\/figure>\r\n<div class=\"wp-block-media-text__content\">\r\n<h2 class=\"wp-block-heading\"><strong>Autres activit\u00e9s possibles :<\/strong><\/h2>\r\n\r\n\r\n\r\n<p><br \/>&#8211; <strong><a href=\"https:\/\/www.poledance-angouleme.fr\/activites-complementaires\/twerk-angouleme\/\" target=\"_blank\" rel=\"noreferrer noopener\">Twerk<\/a><\/strong> : venez vous ambiancer et shaker votre booty sur du bon son pendant 1h30 en apprenant une chor\u00e9e endiabl\u00e9e !<br \/>&#8211; <strong><a href=\"https:\/\/www.poledance-angouleme.fr\/activites-complementaires\/chair-dance-angouleme\/\" target=\"_blank\" rel=\"noreferrer noopener\">Chair dance<\/a> : <\/strong>d\u00e9voilez votre c\u00f4t\u00e9 sexy gr\u00e2ce \u00e0 la chair dance ! Cette danse sensuelle sur une chaise vous fera passer un bon moment entre vous pendant 1h30.<br \/>&#8211; <strong>Lap dance <\/strong>: r\u00e9v\u00e9lez votre f\u00e9minit\u00e9 en apprenant \u00e0 attiser la flamme de votre partenaire. Ce cours en bin\u00f4me avec une chaise vous apprendra les bases du strip-tease et de la s\u00e9duction, tout en restant raffin\u00e9 et sexy.<br \/>&#8211; <a href=\"https:\/\/www.poledance-angouleme.fr\/sensual-heels\/\" target=\"_blank\" rel=\"noopener\"><strong>Heels<\/strong><\/a> : apprenez une chor\u00e9e sexy entre copines ! En talons de heels ou en chaussettes, venez d\u00e9couvrir les secrets du heels dans une chor\u00e9e tous niveaux.<br \/>&#8211; <strong><a href=\"https:\/\/www.poledance-angouleme.fr\/floorwork\/\" target=\"_blank\" rel=\"noopener\">Floorwork<\/a> <\/strong>: venez dompter votre sensualit\u00e9 dans une chor\u00e9e sexy au sol&#8230;<br \/>&#8211; <strong><a href=\"https:\/\/www.poledance-angouleme.fr\/activites-complementaires\/cerceau-aerien-angouleme\/\" target=\"_blank\" rel=\"noreferrer noopener\">Aerial Hoop<\/a> :<\/strong> apprenez les techniques de base du cerceau a\u00e9rien pendant ce cours d&rsquo;1h30 !<br \/>&#8211; <strong><a href=\"https:\/\/www.poledance-angouleme.fr\/activites-complementaires\/hamac-aerien-angouleme\/\">Hamac a\u00e9rien<\/a><\/strong> : cette discipline, proche du tissu a\u00e9rien, consiste \u00e0 r\u00e9aliser de jolies figures \u00e0 l\u2019int\u00e9rieur d\u2019un <strong>tissu <\/strong>accroch\u00e9 au plafond et formant <strong>une boucle<\/strong> !<br \/>&#8211; <strong>cours de renforcement musculaire en mode boot camp<\/strong> en int\u00e9rieur ou ext\u00e9rieur<br \/>&#8211; <strong>cours zen<\/strong> (stretching et pilates) pour les mari\u00e9es stress\u00e9es !<br \/><a href=\"https:\/\/www.poledance-angouleme.fr\/contact\/\">Contact us<\/a> si vous souhaitez en savoir plus.<\/p>\r\n\r\n\r\n\r\n<p>Pour toutes ces activit\u00e9s, les conditions sont les m\u00eames que pour les EVJF pole dance.<br \/>Toutes nos activit\u00e9s sont adapt\u00e9es <strong>aux niveaux novices<\/strong>.<\/p>\r\n<\/div>\r\n<\/div>\r\n\r\n\r\n\r\n<p>Voir toutes les conditions dans <a href=\"https:\/\/www.poledance-angouleme.fr\/reglement-interieur\/\" target=\"_blank\" rel=\"noreferrer noopener\">notre r\u00e8glement int\u00e9rieur<\/a>.<\/p>","protected":false},"excerpt":{"rendered":"<p>Un enterrement de vie de jeune fille (ou de gar\u00e7on) ou bien un anniversaire \u00e0 c\u00e9l\u00e9brer \u00e0 Angoul\u00eame ?Nous pouvons r\u00e9server des cr\u00e9neaux pour vous ! EVJF ou EVG Pole Dance \u00e0 Angoul\u00eame :Pour les enterrements de vie de jeune fille ou de gar\u00e7on, ou bien les anniversaires, Vertical Fit &#8211; Pole Dance Angoul\u00eame vous [&hellip;]<\/p>","protected":false},"author":1,"featured_media":0,"parent":0,"menu_order":0,"comment_status":"closed","ping_status":"closed","template":"","meta":{"sfsi_plus_gutenberg_text_before_share":"","sfsi_plus_gutenberg_show_text_before_share":"","sfsi_plus_gutenberg_icon_type":"","sfsi_plus_gutenberg_icon_alignemt":"","sfsi_plus_gutenburg_max_per_row":"","_exactmetrics_skip_tracking":false,"_exactmetrics_sitenote_active":false,"_exactmetrics_sitenote_note":"","_exactmetrics_sitenote_category":0,"footnotes":""},"yoast_head":"<!-- This site is optimized with the Yoast SEO plugin v22.3 - https:\/\/yoast.com\/wordpress\/plugins\/seo\/ -->\n<title>EVJF, EVG ou anniversaires - Vertical Fit - Pole dance \u00e0 Angoul\u00eame<\/title>\n<meta name=\"description\" content=\"Un enterrement de vie de jeune fille, un anniversaire, ou juste un cours pour s&#039;amuser entre copains\/copines ?Nous pouvons r\u00e9server des cr\u00e9neaux pour des groupes d\u00e9j\u00e0 constitu\u00e9s.\" \/>\n<meta name=\"robots\" content=\"index, follow, max-snippet:-1, max-image-preview:large, max-video-preview:-1\" \/>\n<link rel=\"canonical\" href=\"https:\/\/www.poledance-angouleme.fr\/en\/evjf-anniversaires\/\" \/>\n<meta property=\"og:locale\" content=\"en_US\" \/>\n<meta property=\"og:type\" content=\"article\" \/>\n<meta property=\"og:title\" content=\"EVJF, EVG ou anniversaires - Vertical Fit - Pole dance \u00e0 Angoul\u00eame\" \/>\n<meta property=\"og:description\" content=\"Un enterrement de vie de jeune fille, un anniversaire, ou juste un cours pour s&#039;amuser entre copains\/copines ?Nous pouvons r\u00e9server des cr\u00e9neaux pour des groupes d\u00e9j\u00e0 constitu\u00e9s.\" \/>\n<meta property=\"og:url\" content=\"https:\/\/www.poledance-angouleme.fr\/en\/evjf-anniversaires\/\" \/>\n<meta property=\"og:site_name\" content=\"Vertical Fit - Pole dance \u00e0 Angoul\u00eame\" \/>\n<meta property=\"article:modified_time\" content=\"2025-09-24T08:34:35+00:00\" \/>\n<meta property=\"og:image\" content=\"https:\/\/www.poledance-angouleme.fr\/wp-content\/uploads\/2019\/05\/pole-dance-evjf-saint-junien.jpg\" \/>\n<meta name=\"twitter:label1\" content=\"Est. reading time\" \/>\n\t<meta name=\"twitter:data1\" content=\"4 minutes\" \/>\n<script type=\"application\/ld+json\" class=\"yoast-schema-graph\">{\"@context\":\"https:\/\/schema.org\",\"@graph\":[{\"@type\":\"WebPage\",\"@id\":\"https:\/\/www.poledance-angouleme.fr\/evjf-anniversaires\/\",\"url\":\"https:\/\/www.poledance-angouleme.fr\/evjf-anniversaires\/\",\"name\":\"EVJF, EVG ou anniversaires - Vertical Fit - Pole dance \u00e0 Angoul\u00eame\",\"isPartOf\":{\"@id\":\"https:\/\/www.poledance-angouleme.fr\/#website\"},\"primaryImageOfPage\":{\"@id\":\"https:\/\/www.poledance-angouleme.fr\/evjf-anniversaires\/#primaryimage\"},\"image\":{\"@id\":\"https:\/\/www.poledance-angouleme.fr\/evjf-anniversaires\/#primaryimage\"},\"thumbnailUrl\":\"https:\/\/www.poledance-angouleme.fr\/wp-content\/uploads\/2019\/05\/pole-dance-evjf-saint-junien.jpg\",\"datePublished\":\"2019-07-16T13:29:12+00:00\",\"dateModified\":\"2025-09-24T08:34:35+00:00\",\"description\":\"Un enterrement de vie de jeune fille, un anniversaire, ou juste un cours pour s'amuser entre copains\/copines ?Nous pouvons r\u00e9server des cr\u00e9neaux pour des groupes d\u00e9j\u00e0 constitu\u00e9s.\",\"breadcrumb\":{\"@id\":\"https:\/\/www.poledance-angouleme.fr\/evjf-anniversaires\/#breadcrumb\"},\"inLanguage\":\"en-US\",\"potentialAction\":[{\"@type\":\"ReadAction\",\"target\":[\"https:\/\/www.poledance-angouleme.fr\/evjf-anniversaires\/\"]}]},{\"@type\":\"ImageObject\",\"inLanguage\":\"en-US\",\"@id\":\"https:\/\/www.poledance-angouleme.fr\/evjf-anniversaires\/#primaryimage\",\"url\":\"https:\/\/www.poledance-angouleme.fr\/wp-content\/uploads\/2019\/05\/pole-dance-evjf-saint-junien.jpg\",\"contentUrl\":\"https:\/\/www.poledance-angouleme.fr\/wp-content\/uploads\/2019\/05\/pole-dance-evjf-saint-junien.jpg\",\"width\":486,\"height\":700,\"caption\":\"Pole dance - Enterrement vie de jeune fille Angoul\u00eame\"},{\"@type\":\"BreadcrumbList\",\"@id\":\"https:\/\/www.poledance-angouleme.fr\/evjf-anniversaires\/#breadcrumb\",\"itemListElement\":[{\"@type\":\"ListItem\",\"position\":1,\"name\":\"Accueil\",\"item\":\"https:\/\/www.poledance-angouleme.fr\/\"},{\"@type\":\"ListItem\",\"position\":2,\"name\":\"EVJF, EVG ou anniversaires\"}]},{\"@type\":\"WebSite\",\"@id\":\"https:\/\/www.poledance-angouleme.fr\/#website\",\"url\":\"https:\/\/www.poledance-angouleme.fr\/\",\"name\":\"Vertical Fit - Pole dance \u00e0 Angoul\u00eame\",\"description\":\"Pole dance et pole fitness \u00e0 Angoul\u00eame en Charente\",\"publisher\":{\"@id\":\"https:\/\/www.poledance-angouleme.fr\/#organization\"},\"potentialAction\":[{\"@type\":\"SearchAction\",\"target\":{\"@type\":\"EntryPoint\",\"urlTemplate\":\"https:\/\/www.poledance-angouleme.fr\/?s={search_term_string}\"},\"query-input\":\"required name=search_term_string\"}],\"inLanguage\":\"en-US\"},{\"@type\":\"Organization\",\"@id\":\"https:\/\/www.poledance-angouleme.fr\/#organization\",\"name\":\"Vertical Fit - Pole dance \u00e0 Angoul\u00eame\",\"url\":\"https:\/\/www.poledance-angouleme.fr\/\",\"logo\":{\"@type\":\"ImageObject\",\"inLanguage\":\"en-US\",\"@id\":\"https:\/\/www.poledance-angouleme.fr\/#\/schema\/logo\/image\/\",\"url\":\"https:\/\/www.poledance-angouleme.fr\/wp-content\/uploads\/2018\/05\/cropped-logolong-verticalfit-poledance-stjunien.png\",\"contentUrl\":\"https:\/\/www.poledance-angouleme.fr\/wp-content\/uploads\/2018\/05\/cropped-logolong-verticalfit-poledance-stjunien.png\",\"width\":364,\"height\":75,\"caption\":\"Vertical Fit - Pole dance \u00e0 Angoul\u00eame\"},\"image\":{\"@id\":\"https:\/\/www.poledance-angouleme.fr\/#\/schema\/logo\/image\/\"}}]}<\/script>\n<!-- \/ Yoast SEO plugin. -->","yoast_head_json":{"title":"EVJF, EVG ou anniversaires - Vertical Fit - Pole dance \u00e0 Angoul\u00eame","description":"Un enterrement de vie de jeune fille, un anniversaire, ou juste un cours pour s'amuser entre copains\/copines ?Nous pouvons r\u00e9server des cr\u00e9neaux pour des groupes d\u00e9j\u00e0 constitu\u00e9s.","robots":{"index":"index","follow":"follow","max-snippet":"max-snippet:-1","max-image-preview":"max-image-preview:large","max-video-preview":"max-video-preview:-1"},"canonical":"https:\/\/www.poledance-angouleme.fr\/en\/evjf-anniversaires\/","og_locale":"en_US","og_type":"article","og_title":"EVJF, EVG ou anniversaires - Vertical Fit - Pole dance \u00e0 Angoul\u00eame","og_description":"Un enterrement de vie de jeune fille, un anniversaire, ou juste un cours pour s'amuser entre copains\/copines ?Nous pouvons r\u00e9server des cr\u00e9neaux pour des groupes d\u00e9j\u00e0 constitu\u00e9s.","og_url":"https:\/\/www.poledance-angouleme.fr\/en\/evjf-anniversaires\/","og_site_name":"Vertical Fit - Pole dance \u00e0 Angoul\u00eame","article_modified_time":"2025-09-24T08:34:35+00:00","og_image":[{"url":"https:\/\/www.poledance-angouleme.fr\/wp-content\/uploads\/2019\/05\/pole-dance-evjf-saint-junien.jpg"}],"twitter_misc":{"Est. reading time":"4 minutes"},"schema":{"@context":"https:\/\/schema.org","@graph":[{"@type":"WebPage","@id":"https:\/\/www.poledance-angouleme.fr\/evjf-anniversaires\/","url":"https:\/\/www.poledance-angouleme.fr\/evjf-anniversaires\/","name":"EVJF, EVG ou anniversaires - Vertical Fit - Pole dance \u00e0 Angoul\u00eame","isPartOf":{"@id":"https:\/\/www.poledance-angouleme.fr\/#website"},"primaryImageOfPage":{"@id":"https:\/\/www.poledance-angouleme.fr\/evjf-anniversaires\/#primaryimage"},"image":{"@id":"https:\/\/www.poledance-angouleme.fr\/evjf-anniversaires\/#primaryimage"},"thumbnailUrl":"https:\/\/www.poledance-angouleme.fr\/wp-content\/uploads\/2019\/05\/pole-dance-evjf-saint-junien.jpg","datePublished":"2019-07-16T13:29:12+00:00","dateModified":"2025-09-24T08:34:35+00:00","description":"Un enterrement de vie de jeune fille, un anniversaire, ou juste un cours pour s'amuser entre copains\/copines ?Nous pouvons r\u00e9server des cr\u00e9neaux pour des groupes d\u00e9j\u00e0 constitu\u00e9s.","breadcrumb":{"@id":"https:\/\/www.poledance-angouleme.fr\/evjf-anniversaires\/#breadcrumb"},"inLanguage":"en-US","potentialAction":[{"@type":"ReadAction","target":["https:\/\/www.poledance-angouleme.fr\/evjf-anniversaires\/"]}]},{"@type":"ImageObject","inLanguage":"en-US","@id":"https:\/\/www.poledance-angouleme.fr\/evjf-anniversaires\/#primaryimage","url":"https:\/\/www.poledance-angouleme.fr\/wp-content\/uploads\/2019\/05\/pole-dance-evjf-saint-junien.jpg","contentUrl":"https:\/\/www.poledance-angouleme.fr\/wp-content\/uploads\/2019\/05\/pole-dance-evjf-saint-junien.jpg","width":486,"height":700,"caption":"Pole dance - Enterrement vie de jeune fille Angoul\u00eame"},{"@type":"BreadcrumbList","@id":"https:\/\/www.poledance-angouleme.fr\/evjf-anniversaires\/#breadcrumb","itemListElement":[{"@type":"ListItem","position":1,"name":"Accueil","item":"https:\/\/www.poledance-angouleme.fr\/"},{"@type":"ListItem","position":2,"name":"EVJF, EVG ou anniversaires"}]},{"@type":"WebSite","@id":"https:\/\/www.poledance-angouleme.fr\/#website","url":"https:\/\/www.poledance-angouleme.fr\/","name":"Vertical Fit - Pole dance \u00e0 Angoul\u00eame","description":"Pole dance et pole fitness \u00e0 Angoul\u00eame en Charente","publisher":{"@id":"https:\/\/www.poledance-angouleme.fr\/#organization"},"potentialAction":[{"@type":"SearchAction","target":{"@type":"EntryPoint","urlTemplate":"https:\/\/www.poledance-angouleme.fr\/?s={search_term_string}"},"query-input":"required name=search_term_string"}],"inLanguage":"en-US"},{"@type":"Organization","@id":"https:\/\/www.poledance-angouleme.fr\/#organization","name":"Vertical Fit - Pole dance \u00e0 Angoul\u00eame","url":"https:\/\/www.poledance-angouleme.fr\/","logo":{"@type":"ImageObject","inLanguage":"en-US","@id":"https:\/\/www.poledance-angouleme.fr\/#\/schema\/logo\/image\/","url":"https:\/\/www.poledance-angouleme.fr\/wp-content\/uploads\/2018\/05\/cropped-logolong-verticalfit-poledance-stjunien.png","contentUrl":"https:\/\/www.poledance-angouleme.fr\/wp-content\/uploads\/2018\/05\/cropped-logolong-verticalfit-poledance-stjunien.png","width":364,"height":75,"caption":"Vertical Fit - Pole dance \u00e0 Angoul\u00eame"},"image":{"@id":"https:\/\/www.poledance-angouleme.fr\/#\/schema\/logo\/image\/"}}]}},"_links":{"self":[{"href":"https:\/\/www.poledance-angouleme.fr\/en\/wp-json\/wp\/v2\/pages\/330"}],"collection":[{"href":"https:\/\/www.poledance-angouleme.fr\/en\/wp-json\/wp\/v2\/pages"}],"about":[{"href":"https:\/\/www.poledance-angouleme.fr\/en\/wp-json\/wp\/v2\/types\/page"}],"author":[{"embeddable":true,"href":"https:\/\/www.poledance-angouleme.fr\/en\/wp-json\/wp\/v2\/users\/1"}],"replies":[{"embeddable":true,"href":"https:\/\/www.poledance-angouleme.fr\/en\/wp-json\/wp\/v2\/comments?post=330"}],"version-history":[{"count":30,"href":"https:\/\/www.poledance-angouleme.fr\/en\/wp-json\/wp\/v2\/pages\/330\/revisions"}],"predecessor-version":[{"id":1401,"href":"https:\/\/www.poledance-angouleme.fr\/en\/wp-json\/wp\/v2\/pages\/330\/revisions\/1401"}],"wp:attachment":[{"href":"https:\/\/www.poledance-angouleme.fr\/en\/wp-json\/wp\/v2\/media?parent=330"}],"curies":[{"name":"wp","href":"https:\/\/api.w.org\/{rel}","templated":true}]}}