{"id":585,"date":"2021-05-27T16:58:46","date_gmt":"2021-05-27T14:58:46","guid":{"rendered":"https:\/\/www.poledance-angouleme.fr\/?page_id=585"},"modified":"2024-08-23T14:29:45","modified_gmt":"2024-08-23T12:29:45","slug":"pole-choree-angouleme","status":"publish","type":"page","link":"https:\/\/www.poledance-angouleme.fr\/en\/activites-complementaires\/pole-choree-angouleme\/","title":{"rendered":"Pole chor\u00e9e et pole chor\u00e9e exotic"},"content":{"rendered":"<div class=\"wp-block-media-text alignwide is-stacked-on-mobile\" style=\"grid-template-columns:33% auto\"><figure class=\"wp-block-media-text__media\"><img loading=\"lazy\" decoding=\"async\" width=\"1024\" height=\"683\" src=\"https:\/\/www.poledance-angouleme.fr\/wp-content\/uploads\/2024\/08\/oceane-pole-choree-angouleme-1024x683.jpg\" alt=\"\" class=\"wp-image-1188 size-full\" srcset=\"https:\/\/www.poledance-angouleme.fr\/wp-content\/uploads\/2024\/08\/oceane-pole-choree-angouleme-1024x683.jpg 1024w, https:\/\/www.poledance-angouleme.fr\/wp-content\/uploads\/2024\/08\/oceane-pole-choree-angouleme-300x200.jpg 300w, https:\/\/www.poledance-angouleme.fr\/wp-content\/uploads\/2024\/08\/oceane-pole-choree-angouleme-768x512.jpg 768w, https:\/\/www.poledance-angouleme.fr\/wp-content\/uploads\/2024\/08\/oceane-pole-choree-angouleme-1536x1024.jpg 1536w, https:\/\/www.poledance-angouleme.fr\/wp-content\/uploads\/2024\/08\/oceane-pole-choree-angouleme-18x12.jpg 18w, https:\/\/www.poledance-angouleme.fr\/wp-content\/uploads\/2024\/08\/oceane-pole-choree-angouleme.jpg 2048w\" sizes=\"(max-width: 1024px) 100vw, 1024px\" \/><\/figure><div class=\"wp-block-media-text__content\">\n<h1 class=\"wp-block-heading\">Pole Choreo<\/h1>\n\n\n\n<p>In Vertical Fit, you can practice during <strong>Pole Choreo<\/strong> during which you will learn a choreography with movements previously learned in class.<\/p>\n\n\n\n<p>Please note: if you wish to participate in the <strong>Pole Choreo<\/strong>, il faut au moins avoir pris quelques cours d&rsquo;initiation !<br>Indeed, <strong>Pole Choreo<\/strong> is not a technical course but a choreographed course, so the figures are not explained technically or very briefly.<br><br>Dans ce cours, nous apprenons une chor\u00e9graphie qui m\u00ealera transitions sur et autour de la barre, mais aussi floorwork (transitions au sol).<br><br>This <strong>Pole Choreo class<\/strong> est programm\u00e9 au planning de fa\u00e7on non-r\u00e9guli\u00e8re.<\/p>\n\n\n\n<p><strong>Outfit:<\/strong><br>Pour ce cours, pr\u00e9voyez legging et chaussettes.<br>Le plupart du temps, les genouill\u00e8res ou gu\u00eatres pour prot\u00e9ger vos genoux sont recommand\u00e9es (des genouill\u00e8res sont en pr\u00eat \u00e0 la salle).<\/p>\n<\/div><\/div>\n\n\n\n<div class=\"wp-block-media-text has-media-on-the-right is-stacked-on-mobile\" style=\"grid-template-columns:auto 28%\"><div class=\"wp-block-media-text__content\">\n<h1 class=\"wp-block-heading\">Pole chor\u00e9e exotic<\/h1>\n\n\n\n<p>Le pole chor\u00e9e exotic est un style de danse \u00e0 la barre influenc\u00e9 par plusieurs courants : belly dancing, strip et floorwork sont \u00e0 l&rsquo;origine de l&rsquo;exotic.<\/p>\n\n\n\n<p>Dans ce cours, pas de tricks incroyables \u00e0 la barre, on travaille la fluidit\u00e9, la sensualit\u00e9, les transitions, la musicalit\u00e9 et et la gr\u00e2ce, avec des figures simples (en g\u00e9n\u00e9ral de niveau initiation) sur et autour de la barre.<\/p>\n\n\n\n<p>Please note: if you wish to participate in the <strong>Pole Chor\u00e9e exotic<\/strong>, il faut au moins avoir pris quelques cours d&rsquo;initiation !<\/p>\n\n\n\n<p><strong>Outfit:<\/strong><br>Platform heels are not mandatory. <br>Si vous optez pour les talons, les plateformes de pole sont obligatoires (les chaussures de ville sont interdites).<br>If you don't have heels, pack socks.<br>Pr\u00e9voyez des genouill\u00e8res ou des gu\u00eatres pour prot\u00e9ger vos genoux (des genouill\u00e8res sont en pr\u00eat \u00e0 la salle).<\/p>\n<\/div><figure class=\"wp-block-media-text__media\"><img loading=\"lazy\" decoding=\"async\" width=\"427\" height=\"640\" src=\"https:\/\/www.poledance-angouleme.fr\/wp-content\/uploads\/2024\/08\/melanie-pole-choree-exotic-angouleme.jpg\" alt=\"\" class=\"wp-image-1189 size-full\" srcset=\"https:\/\/www.poledance-angouleme.fr\/wp-content\/uploads\/2024\/08\/melanie-pole-choree-exotic-angouleme.jpg 427w, https:\/\/www.poledance-angouleme.fr\/wp-content\/uploads\/2024\/08\/melanie-pole-choree-exotic-angouleme-200x300.jpg 200w, https:\/\/www.poledance-angouleme.fr\/wp-content\/uploads\/2024\/08\/melanie-pole-choree-exotic-angouleme-8x12.jpg 8w\" sizes=\"(max-width: 427px) 100vw, 427px\" \/><\/figure><\/div>","protected":false},"excerpt":{"rendered":"<p>Pole chor\u00e9e Vertical Fit vous propose un cours de Pole chor\u00e9e pendant lequel vous apprendrez une chor\u00e9graphie avec des mouvements pr\u00e9c\u00e9demment appris en cours. Attention : si vous souhaitez participer au Pole Chor\u00e9e, il faut au moins avoir pris quelques cours d&rsquo;initiation !En effet, le cours de Pole Chor\u00e9e n&rsquo;est pas un cours technique mais [&hellip;]<\/p>","protected":false},"author":1,"featured_media":0,"parent":22,"menu_order":1,"comment_status":"closed","ping_status":"closed","template":"","meta":{"sfsi_plus_gutenberg_text_before_share":"","sfsi_plus_gutenberg_show_text_before_share":"","sfsi_plus_gutenberg_icon_type":"","sfsi_plus_gutenberg_icon_alignemt":"","sfsi_plus_gutenburg_max_per_row":"","_exactmetrics_skip_tracking":false,"_exactmetrics_sitenote_active":false,"_exactmetrics_sitenote_note":"","_exactmetrics_sitenote_category":0,"footnotes":""},"yoast_head":"<!-- This site is optimized with the Yoast SEO plugin v22.3 - https:\/\/yoast.com\/wordpress\/plugins\/seo\/ -->\n<title>Pole chor\u00e9e et pole chor\u00e9e exotic - Vertical Fit - Pole dance \u00e0 Angoul\u00eame<\/title>\n<meta name=\"description\" content=\"Vertical Fit vous propose un cours de Pole chor\u00e9e pendant lequel vous apprendrez une chor\u00e9graphie avec des mouvements pr\u00e9c\u00e9demment appris en cours.\" \/>\n<meta name=\"robots\" content=\"index, follow, max-snippet:-1, max-image-preview:large, max-video-preview:-1\" \/>\n<link rel=\"canonical\" href=\"https:\/\/www.poledance-angouleme.fr\/en\/activites-complementaires\/pole-choree-angouleme\/\" \/>\n<meta property=\"og:locale\" content=\"en_US\" \/>\n<meta property=\"og:type\" content=\"article\" \/>\n<meta property=\"og:title\" content=\"Pole chor\u00e9e et pole chor\u00e9e exotic - Vertical Fit - Pole dance \u00e0 Angoul\u00eame\" \/>\n<meta property=\"og:description\" content=\"Vertical Fit vous propose un cours de Pole chor\u00e9e pendant lequel vous apprendrez une chor\u00e9graphie avec des mouvements pr\u00e9c\u00e9demment appris en cours.\" \/>\n<meta property=\"og:url\" content=\"https:\/\/www.poledance-angouleme.fr\/en\/activites-complementaires\/pole-choree-angouleme\/\" \/>\n<meta property=\"og:site_name\" content=\"Vertical Fit - Pole dance \u00e0 Angoul\u00eame\" \/>\n<meta property=\"article:modified_time\" content=\"2024-08-23T12:29:45+00:00\" \/>\n<meta property=\"og:image\" content=\"https:\/\/www.poledance-angouleme.fr\/wp-content\/uploads\/2024\/08\/oceane-pole-choree-angouleme-1024x683.jpg\" \/>\n<meta name=\"twitter:label1\" content=\"Est. reading time\" \/>\n\t<meta name=\"twitter:data1\" content=\"2 minutes\" \/>\n<script type=\"application\/ld+json\" class=\"yoast-schema-graph\">{\"@context\":\"https:\/\/schema.org\",\"@graph\":[{\"@type\":\"WebPage\",\"@id\":\"https:\/\/www.poledance-angouleme.fr\/activites-complementaires\/pole-choree-angouleme\/\",\"url\":\"https:\/\/www.poledance-angouleme.fr\/activites-complementaires\/pole-choree-angouleme\/\",\"name\":\"Pole chor\u00e9e et pole chor\u00e9e exotic - Vertical Fit - Pole dance \u00e0 Angoul\u00eame\",\"isPartOf\":{\"@id\":\"https:\/\/www.poledance-angouleme.fr\/#website\"},\"primaryImageOfPage\":{\"@id\":\"https:\/\/www.poledance-angouleme.fr\/activites-complementaires\/pole-choree-angouleme\/#primaryimage\"},\"image\":{\"@id\":\"https:\/\/www.poledance-angouleme.fr\/activites-complementaires\/pole-choree-angouleme\/#primaryimage\"},\"thumbnailUrl\":\"https:\/\/www.poledance-angouleme.fr\/wp-content\/uploads\/2024\/08\/oceane-pole-choree-angouleme-1024x683.jpg\",\"datePublished\":\"2021-05-27T14:58:46+00:00\",\"dateModified\":\"2024-08-23T12:29:45+00:00\",\"description\":\"Vertical Fit vous propose un cours de Pole chor\u00e9e pendant lequel vous apprendrez une chor\u00e9graphie avec des mouvements pr\u00e9c\u00e9demment appris en cours.\",\"breadcrumb\":{\"@id\":\"https:\/\/www.poledance-angouleme.fr\/activites-complementaires\/pole-choree-angouleme\/#breadcrumb\"},\"inLanguage\":\"en-US\",\"potentialAction\":[{\"@type\":\"ReadAction\",\"target\":[\"https:\/\/www.poledance-angouleme.fr\/activites-complementaires\/pole-choree-angouleme\/\"]}]},{\"@type\":\"ImageObject\",\"inLanguage\":\"en-US\",\"@id\":\"https:\/\/www.poledance-angouleme.fr\/activites-complementaires\/pole-choree-angouleme\/#primaryimage\",\"url\":\"https:\/\/www.poledance-angouleme.fr\/wp-content\/uploads\/2024\/08\/oceane-pole-choree-angouleme.jpg\",\"contentUrl\":\"https:\/\/www.poledance-angouleme.fr\/wp-content\/uploads\/2024\/08\/oceane-pole-choree-angouleme.jpg\",\"width\":2048,\"height\":1365},{\"@type\":\"BreadcrumbList\",\"@id\":\"https:\/\/www.poledance-angouleme.fr\/activites-complementaires\/pole-choree-angouleme\/#breadcrumb\",\"itemListElement\":[{\"@type\":\"ListItem\",\"position\":1,\"name\":\"Accueil\",\"item\":\"https:\/\/www.poledance-angouleme.fr\/\"},{\"@type\":\"ListItem\",\"position\":2,\"name\":\"Activit\u00e9s compl\u00e9mentaires\",\"item\":\"https:\/\/www.poledance-angouleme.fr\/en\/activites-complementaires\/\"},{\"@type\":\"ListItem\",\"position\":3,\"name\":\"Pole chor\u00e9e et pole chor\u00e9e exotic\"}]},{\"@type\":\"WebSite\",\"@id\":\"https:\/\/www.poledance-angouleme.fr\/#website\",\"url\":\"https:\/\/www.poledance-angouleme.fr\/\",\"name\":\"Vertical Fit - Pole dance \u00e0 Angoul\u00eame\",\"description\":\"Pole dance et pole fitness \u00e0 Angoul\u00eame en Charente\",\"publisher\":{\"@id\":\"https:\/\/www.poledance-angouleme.fr\/#organization\"},\"potentialAction\":[{\"@type\":\"SearchAction\",\"target\":{\"@type\":\"EntryPoint\",\"urlTemplate\":\"https:\/\/www.poledance-angouleme.fr\/?s={search_term_string}\"},\"query-input\":\"required name=search_term_string\"}],\"inLanguage\":\"en-US\"},{\"@type\":\"Organization\",\"@id\":\"https:\/\/www.poledance-angouleme.fr\/#organization\",\"name\":\"Vertical Fit - Pole dance \u00e0 Angoul\u00eame\",\"url\":\"https:\/\/www.poledance-angouleme.fr\/\",\"logo\":{\"@type\":\"ImageObject\",\"inLanguage\":\"en-US\",\"@id\":\"https:\/\/www.poledance-angouleme.fr\/#\/schema\/logo\/image\/\",\"url\":\"https:\/\/www.poledance-angouleme.fr\/wp-content\/uploads\/2018\/05\/cropped-logolong-verticalfit-poledance-stjunien.png\",\"contentUrl\":\"https:\/\/www.poledance-angouleme.fr\/wp-content\/uploads\/2018\/05\/cropped-logolong-verticalfit-poledance-stjunien.png\",\"width\":364,\"height\":75,\"caption\":\"Vertical Fit - Pole dance \u00e0 Angoul\u00eame\"},\"image\":{\"@id\":\"https:\/\/www.poledance-angouleme.fr\/#\/schema\/logo\/image\/\"}}]}<\/script>\n<!-- \/ Yoast SEO plugin. -->","yoast_head_json":{"title":"Pole chor\u00e9e et pole chor\u00e9e exotic - Vertical Fit - Pole dance \u00e0 Angoul\u00eame","description":"Vertical Fit vous propose un cours de Pole chor\u00e9e pendant lequel vous apprendrez une chor\u00e9graphie avec des mouvements pr\u00e9c\u00e9demment appris en cours.","robots":{"index":"index","follow":"follow","max-snippet":"max-snippet:-1","max-image-preview":"max-image-preview:large","max-video-preview":"max-video-preview:-1"},"canonical":"https:\/\/www.poledance-angouleme.fr\/en\/activites-complementaires\/pole-choree-angouleme\/","og_locale":"en_US","og_type":"article","og_title":"Pole chor\u00e9e et pole chor\u00e9e exotic - Vertical Fit - Pole dance \u00e0 Angoul\u00eame","og_description":"Vertical Fit vous propose un cours de Pole chor\u00e9e pendant lequel vous apprendrez une chor\u00e9graphie avec des mouvements pr\u00e9c\u00e9demment appris en cours.","og_url":"https:\/\/www.poledance-angouleme.fr\/en\/activites-complementaires\/pole-choree-angouleme\/","og_site_name":"Vertical Fit - Pole dance \u00e0 Angoul\u00eame","article_modified_time":"2024-08-23T12:29:45+00:00","og_image":[{"url":"https:\/\/www.poledance-angouleme.fr\/wp-content\/uploads\/2024\/08\/oceane-pole-choree-angouleme-1024x683.jpg"}],"twitter_misc":{"Est. reading time":"2 minutes"},"schema":{"@context":"https:\/\/schema.org","@graph":[{"@type":"WebPage","@id":"https:\/\/www.poledance-angouleme.fr\/activites-complementaires\/pole-choree-angouleme\/","url":"https:\/\/www.poledance-angouleme.fr\/activites-complementaires\/pole-choree-angouleme\/","name":"Pole chor\u00e9e et pole chor\u00e9e exotic - Vertical Fit - Pole dance \u00e0 Angoul\u00eame","isPartOf":{"@id":"https:\/\/www.poledance-angouleme.fr\/#website"},"primaryImageOfPage":{"@id":"https:\/\/www.poledance-angouleme.fr\/activites-complementaires\/pole-choree-angouleme\/#primaryimage"},"image":{"@id":"https:\/\/www.poledance-angouleme.fr\/activites-complementaires\/pole-choree-angouleme\/#primaryimage"},"thumbnailUrl":"https:\/\/www.poledance-angouleme.fr\/wp-content\/uploads\/2024\/08\/oceane-pole-choree-angouleme-1024x683.jpg","datePublished":"2021-05-27T14:58:46+00:00","dateModified":"2024-08-23T12:29:45+00:00","description":"Vertical Fit vous propose un cours de Pole chor\u00e9e pendant lequel vous apprendrez une chor\u00e9graphie avec des mouvements pr\u00e9c\u00e9demment appris en cours.","breadcrumb":{"@id":"https:\/\/www.poledance-angouleme.fr\/activites-complementaires\/pole-choree-angouleme\/#breadcrumb"},"inLanguage":"en-US","potentialAction":[{"@type":"ReadAction","target":["https:\/\/www.poledance-angouleme.fr\/activites-complementaires\/pole-choree-angouleme\/"]}]},{"@type":"ImageObject","inLanguage":"en-US","@id":"https:\/\/www.poledance-angouleme.fr\/activites-complementaires\/pole-choree-angouleme\/#primaryimage","url":"https:\/\/www.poledance-angouleme.fr\/wp-content\/uploads\/2024\/08\/oceane-pole-choree-angouleme.jpg","contentUrl":"https:\/\/www.poledance-angouleme.fr\/wp-content\/uploads\/2024\/08\/oceane-pole-choree-angouleme.jpg","width":2048,"height":1365},{"@type":"BreadcrumbList","@id":"https:\/\/www.poledance-angouleme.fr\/activites-complementaires\/pole-choree-angouleme\/#breadcrumb","itemListElement":[{"@type":"ListItem","position":1,"name":"Accueil","item":"https:\/\/www.poledance-angouleme.fr\/"},{"@type":"ListItem","position":2,"name":"Activit\u00e9s compl\u00e9mentaires","item":"https:\/\/www.poledance-angouleme.fr\/en\/activites-complementaires\/"},{"@type":"ListItem","position":3,"name":"Pole chor\u00e9e et pole chor\u00e9e exotic"}]},{"@type":"WebSite","@id":"https:\/\/www.poledance-angouleme.fr\/#website","url":"https:\/\/www.poledance-angouleme.fr\/","name":"Vertical Fit - Pole dance \u00e0 Angoul\u00eame","description":"Pole dance et pole fitness \u00e0 Angoul\u00eame en Charente","publisher":{"@id":"https:\/\/www.poledance-angouleme.fr\/#organization"},"potentialAction":[{"@type":"SearchAction","target":{"@type":"EntryPoint","urlTemplate":"https:\/\/www.poledance-angouleme.fr\/?s={search_term_string}"},"query-input":"required name=search_term_string"}],"inLanguage":"en-US"},{"@type":"Organization","@id":"https:\/\/www.poledance-angouleme.fr\/#organization","name":"Vertical Fit - Pole dance \u00e0 Angoul\u00eame","url":"https:\/\/www.poledance-angouleme.fr\/","logo":{"@type":"ImageObject","inLanguage":"en-US","@id":"https:\/\/www.poledance-angouleme.fr\/#\/schema\/logo\/image\/","url":"https:\/\/www.poledance-angouleme.fr\/wp-content\/uploads\/2018\/05\/cropped-logolong-verticalfit-poledance-stjunien.png","contentUrl":"https:\/\/www.poledance-angouleme.fr\/wp-content\/uploads\/2018\/05\/cropped-logolong-verticalfit-poledance-stjunien.png","width":364,"height":75,"caption":"Vertical Fit - Pole dance \u00e0 Angoul\u00eame"},"image":{"@id":"https:\/\/www.poledance-angouleme.fr\/#\/schema\/logo\/image\/"}}]}},"_links":{"self":[{"href":"https:\/\/www.poledance-angouleme.fr\/en\/wp-json\/wp\/v2\/pages\/585"}],"collection":[{"href":"https:\/\/www.poledance-angouleme.fr\/en\/wp-json\/wp\/v2\/pages"}],"about":[{"href":"https:\/\/www.poledance-angouleme.fr\/en\/wp-json\/wp\/v2\/types\/page"}],"author":[{"embeddable":true,"href":"https:\/\/www.poledance-angouleme.fr\/en\/wp-json\/wp\/v2\/users\/1"}],"replies":[{"embeddable":true,"href":"https:\/\/www.poledance-angouleme.fr\/en\/wp-json\/wp\/v2\/comments?post=585"}],"version-history":[{"count":8,"href":"https:\/\/www.poledance-angouleme.fr\/en\/wp-json\/wp\/v2\/pages\/585\/revisions"}],"predecessor-version":[{"id":1194,"href":"https:\/\/www.poledance-angouleme.fr\/en\/wp-json\/wp\/v2\/pages\/585\/revisions\/1194"}],"up":[{"embeddable":true,"href":"https:\/\/www.poledance-angouleme.fr\/en\/wp-json\/wp\/v2\/pages\/22"}],"wp:attachment":[{"href":"https:\/\/www.poledance-angouleme.fr\/en\/wp-json\/wp\/v2\/media?parent=585"}],"curies":[{"name":"wp","href":"https:\/\/api.w.org\/{rel}","templated":true}]}}