{"id":587,"date":"2021-05-27T17:00:54","date_gmt":"2021-05-27T15:00:54","guid":{"rendered":"https:\/\/www.poledance-angouleme.fr\/?page_id=587"},"modified":"2025-06-20T11:10:31","modified_gmt":"2025-06-20T09:10:31","slug":"cerceau-aerien-angouleme","status":"publish","type":"page","link":"https:\/\/www.poledance-angouleme.fr\/en\/aeriens\/cerceau-aerien-angouleme\/","title":{"rendered":"Aerial Hoop"},"content":{"rendered":"<div class=\"wp-block-media-text alignwide is-stacked-on-mobile\" style=\"grid-template-columns:28% auto\"><figure class=\"wp-block-media-text__media\"><img loading=\"lazy\" decoding=\"async\" width=\"573\" height=\"800\" src=\"https:\/\/www.poledance-angouleme.fr\/wp-content\/uploads\/2023\/11\/cerceau-aerien-vertical-fit-web.jpg\" alt=\"\" class=\"wp-image-1030 size-full\" srcset=\"https:\/\/www.poledance-angouleme.fr\/wp-content\/uploads\/2023\/11\/cerceau-aerien-vertical-fit-web.jpg 573w, https:\/\/www.poledance-angouleme.fr\/wp-content\/uploads\/2023\/11\/cerceau-aerien-vertical-fit-web-215x300.jpg 215w, https:\/\/www.poledance-angouleme.fr\/wp-content\/uploads\/2023\/11\/cerceau-aerien-vertical-fit-web-9x12.jpg 9w\" sizes=\"(max-width: 573px) 100vw, 573px\" \/><\/figure><div class=\"wp-block-media-text__content\">\n<p>This aerial discipline is truly magical!<\/p>\n\n\n\n<p>It consists of making pretty figures inside a <strong>hoop <\/strong>hanging from the ceiling!<br>For that, you don't need to be a gymnast or circus artist!<\/p>\n\n\n\n<p>Ce cours dure 1h pour les initiations \/ 1h30 pour le niveau d\u00e9butant\/interm\u00e9diaire.<\/p>\n\n\n\n<p>After a complete warm-up, Vertical Fit will make you discover in complete safety and<br>on low hoops how to pull yourself up inside and perform<br>beautiful poses!<\/p>\n\n\n\n<p>With these poses we will achieve a combo, that is to say that we will put<br>all the learned poses end to end to make a sequence!<\/p>\n\n\n\n<p>The <strong>aerial hoop lesson<\/strong> is all levels and does not require any athletic prerequisite.<\/p>\n\n\n\n<p><strong>Outfit:<\/strong><br>Plan to cover your entire body: socks, leggings, tank top, long-sleeved sweatshirt.<br><strong>TOUS les bijoux<\/strong> ainsi que les <strong>fermetures \u00e9clairs<\/strong>, boutons en m\u00e9tal sont interdits car ils abiment les cerceaux.<\/p>\n<\/div><\/div>","protected":false},"excerpt":{"rendered":"<p>Cette discipline a\u00e9rienne est vraiment magique ! Elle consiste \u00e0 r\u00e9aliser de jolies figures \u00e0 l\u2019int\u00e9rieur d\u2019un cerceau accroch\u00e9 au plafond !Pour cela, nul besoin d\u2019\u00eatre gymnaste ni circassien ! Ce cours dure 1h pour les initiations \/ 1h30 pour le niveau d\u00e9butant\/interm\u00e9diaire. Apr\u00e8s un \u00e9chauffement complet, Vertical Fit vous fera d\u00e9couvrir en toute s\u00e9curit\u00e9 [&hellip;]<\/p>","protected":false},"author":1,"featured_media":0,"parent":1336,"menu_order":1,"comment_status":"closed","ping_status":"closed","template":"","meta":{"sfsi_plus_gutenberg_text_before_share":"","sfsi_plus_gutenberg_show_text_before_share":"","sfsi_plus_gutenberg_icon_type":"","sfsi_plus_gutenberg_icon_alignemt":"","sfsi_plus_gutenburg_max_per_row":"","_exactmetrics_skip_tracking":false,"_exactmetrics_sitenote_active":false,"_exactmetrics_sitenote_note":"","_exactmetrics_sitenote_category":0,"footnotes":""},"yoast_head":"<!-- This site is optimized with the Yoast SEO plugin v22.3 - https:\/\/yoast.com\/wordpress\/plugins\/seo\/ -->\n<title>Cerceau a\u00e9rien - Vertical Fit - Pole dance \u00e0 Angoul\u00eame<\/title>\n<meta name=\"description\" content=\"Cette discipline a\u00e9rienne est vraiment magique ! Elle consiste \u00e0 r\u00e9aliser de jolies figures \u00e0 l\u2019int\u00e9rieur d\u2019un cerceau accroch\u00e9 au plafond ! Pour cela, nul besoin d\u2019\u00eatre gymnaste ni circassien !\" \/>\n<meta name=\"robots\" content=\"index, follow, max-snippet:-1, max-image-preview:large, max-video-preview:-1\" \/>\n<link rel=\"canonical\" href=\"https:\/\/www.poledance-angouleme.fr\/en\/aeriens\/cerceau-aerien-angouleme\/\" \/>\n<meta property=\"og:locale\" content=\"en_US\" \/>\n<meta property=\"og:type\" content=\"article\" \/>\n<meta property=\"og:title\" content=\"Cerceau a\u00e9rien - Vertical Fit - Pole dance \u00e0 Angoul\u00eame\" \/>\n<meta property=\"og:description\" content=\"Cette discipline a\u00e9rienne est vraiment magique ! Elle consiste \u00e0 r\u00e9aliser de jolies figures \u00e0 l\u2019int\u00e9rieur d\u2019un cerceau accroch\u00e9 au plafond ! Pour cela, nul besoin d\u2019\u00eatre gymnaste ni circassien !\" \/>\n<meta property=\"og:url\" content=\"https:\/\/www.poledance-angouleme.fr\/en\/aeriens\/cerceau-aerien-angouleme\/\" \/>\n<meta property=\"og:site_name\" content=\"Vertical Fit - Pole dance \u00e0 Angoul\u00eame\" \/>\n<meta property=\"article:modified_time\" content=\"2025-06-20T09:10:31+00:00\" \/>\n<meta property=\"og:image\" content=\"https:\/\/www.poledance-angouleme.fr\/wp-content\/uploads\/2023\/11\/cerceau-aerien-vertical-fit-web.jpg\" \/>\n<meta name=\"twitter:label1\" content=\"Est. reading time\" \/>\n\t<meta name=\"twitter:data1\" content=\"1 minute\" \/>\n<script type=\"application\/ld+json\" class=\"yoast-schema-graph\">{\"@context\":\"https:\/\/schema.org\",\"@graph\":[{\"@type\":\"WebPage\",\"@id\":\"https:\/\/www.poledance-angouleme.fr\/aeriens\/cerceau-aerien-angouleme\/\",\"url\":\"https:\/\/www.poledance-angouleme.fr\/aeriens\/cerceau-aerien-angouleme\/\",\"name\":\"Cerceau a\u00e9rien - Vertical Fit - Pole dance \u00e0 Angoul\u00eame\",\"isPartOf\":{\"@id\":\"https:\/\/www.poledance-angouleme.fr\/#website\"},\"primaryImageOfPage\":{\"@id\":\"https:\/\/www.poledance-angouleme.fr\/aeriens\/cerceau-aerien-angouleme\/#primaryimage\"},\"image\":{\"@id\":\"https:\/\/www.poledance-angouleme.fr\/aeriens\/cerceau-aerien-angouleme\/#primaryimage\"},\"thumbnailUrl\":\"https:\/\/www.poledance-angouleme.fr\/wp-content\/uploads\/2023\/11\/cerceau-aerien-vertical-fit-web.jpg\",\"datePublished\":\"2021-05-27T15:00:54+00:00\",\"dateModified\":\"2025-06-20T09:10:31+00:00\",\"description\":\"Cette discipline a\u00e9rienne est vraiment magique ! Elle consiste \u00e0 r\u00e9aliser de jolies figures \u00e0 l\u2019int\u00e9rieur d\u2019un cerceau accroch\u00e9 au plafond ! Pour cela, nul besoin d\u2019\u00eatre gymnaste ni circassien !\",\"breadcrumb\":{\"@id\":\"https:\/\/www.poledance-angouleme.fr\/aeriens\/cerceau-aerien-angouleme\/#breadcrumb\"},\"inLanguage\":\"en-US\",\"potentialAction\":[{\"@type\":\"ReadAction\",\"target\":[\"https:\/\/www.poledance-angouleme.fr\/aeriens\/cerceau-aerien-angouleme\/\"]}]},{\"@type\":\"ImageObject\",\"inLanguage\":\"en-US\",\"@id\":\"https:\/\/www.poledance-angouleme.fr\/aeriens\/cerceau-aerien-angouleme\/#primaryimage\",\"url\":\"https:\/\/www.poledance-angouleme.fr\/wp-content\/uploads\/2023\/11\/cerceau-aerien-vertical-fit-web.jpg\",\"contentUrl\":\"https:\/\/www.poledance-angouleme.fr\/wp-content\/uploads\/2023\/11\/cerceau-aerien-vertical-fit-web.jpg\",\"width\":573,\"height\":800,\"caption\":\"Cerceau a\u00e9rien\"},{\"@type\":\"BreadcrumbList\",\"@id\":\"https:\/\/www.poledance-angouleme.fr\/aeriens\/cerceau-aerien-angouleme\/#breadcrumb\",\"itemListElement\":[{\"@type\":\"ListItem\",\"position\":1,\"name\":\"Accueil\",\"item\":\"https:\/\/www.poledance-angouleme.fr\/\"},{\"@type\":\"ListItem\",\"position\":2,\"name\":\"A\u00e9riens\",\"item\":\"https:\/\/www.poledance-angouleme.fr\/aeriens\/\"},{\"@type\":\"ListItem\",\"position\":3,\"name\":\"Cerceau a\u00e9rien\"}]},{\"@type\":\"WebSite\",\"@id\":\"https:\/\/www.poledance-angouleme.fr\/#website\",\"url\":\"https:\/\/www.poledance-angouleme.fr\/\",\"name\":\"Vertical Fit - Pole dance \u00e0 Angoul\u00eame\",\"description\":\"Pole dance et pole fitness \u00e0 Angoul\u00eame en Charente\",\"publisher\":{\"@id\":\"https:\/\/www.poledance-angouleme.fr\/#organization\"},\"potentialAction\":[{\"@type\":\"SearchAction\",\"target\":{\"@type\":\"EntryPoint\",\"urlTemplate\":\"https:\/\/www.poledance-angouleme.fr\/?s={search_term_string}\"},\"query-input\":\"required name=search_term_string\"}],\"inLanguage\":\"en-US\"},{\"@type\":\"Organization\",\"@id\":\"https:\/\/www.poledance-angouleme.fr\/#organization\",\"name\":\"Vertical Fit - Pole dance \u00e0 Angoul\u00eame\",\"url\":\"https:\/\/www.poledance-angouleme.fr\/\",\"logo\":{\"@type\":\"ImageObject\",\"inLanguage\":\"en-US\",\"@id\":\"https:\/\/www.poledance-angouleme.fr\/#\/schema\/logo\/image\/\",\"url\":\"https:\/\/www.poledance-angouleme.fr\/wp-content\/uploads\/2018\/05\/cropped-logolong-verticalfit-poledance-stjunien.png\",\"contentUrl\":\"https:\/\/www.poledance-angouleme.fr\/wp-content\/uploads\/2018\/05\/cropped-logolong-verticalfit-poledance-stjunien.png\",\"width\":364,\"height\":75,\"caption\":\"Vertical Fit - Pole dance \u00e0 Angoul\u00eame\"},\"image\":{\"@id\":\"https:\/\/www.poledance-angouleme.fr\/#\/schema\/logo\/image\/\"}}]}<\/script>\n<!-- \/ Yoast SEO plugin. -->","yoast_head_json":{"title":"Cerceau a\u00e9rien - Vertical Fit - Pole dance \u00e0 Angoul\u00eame","description":"Cette discipline a\u00e9rienne est vraiment magique ! Elle consiste \u00e0 r\u00e9aliser de jolies figures \u00e0 l\u2019int\u00e9rieur d\u2019un cerceau accroch\u00e9 au plafond ! Pour cela, nul besoin d\u2019\u00eatre gymnaste ni circassien !","robots":{"index":"index","follow":"follow","max-snippet":"max-snippet:-1","max-image-preview":"max-image-preview:large","max-video-preview":"max-video-preview:-1"},"canonical":"https:\/\/www.poledance-angouleme.fr\/en\/aeriens\/cerceau-aerien-angouleme\/","og_locale":"en_US","og_type":"article","og_title":"Cerceau a\u00e9rien - Vertical Fit - Pole dance \u00e0 Angoul\u00eame","og_description":"Cette discipline a\u00e9rienne est vraiment magique ! Elle consiste \u00e0 r\u00e9aliser de jolies figures \u00e0 l\u2019int\u00e9rieur d\u2019un cerceau accroch\u00e9 au plafond ! Pour cela, nul besoin d\u2019\u00eatre gymnaste ni circassien !","og_url":"https:\/\/www.poledance-angouleme.fr\/en\/aeriens\/cerceau-aerien-angouleme\/","og_site_name":"Vertical Fit - Pole dance \u00e0 Angoul\u00eame","article_modified_time":"2025-06-20T09:10:31+00:00","og_image":[{"url":"https:\/\/www.poledance-angouleme.fr\/wp-content\/uploads\/2023\/11\/cerceau-aerien-vertical-fit-web.jpg"}],"twitter_misc":{"Est. reading time":"1 minute"},"schema":{"@context":"https:\/\/schema.org","@graph":[{"@type":"WebPage","@id":"https:\/\/www.poledance-angouleme.fr\/aeriens\/cerceau-aerien-angouleme\/","url":"https:\/\/www.poledance-angouleme.fr\/aeriens\/cerceau-aerien-angouleme\/","name":"Cerceau a\u00e9rien - Vertical Fit - Pole dance \u00e0 Angoul\u00eame","isPartOf":{"@id":"https:\/\/www.poledance-angouleme.fr\/#website"},"primaryImageOfPage":{"@id":"https:\/\/www.poledance-angouleme.fr\/aeriens\/cerceau-aerien-angouleme\/#primaryimage"},"image":{"@id":"https:\/\/www.poledance-angouleme.fr\/aeriens\/cerceau-aerien-angouleme\/#primaryimage"},"thumbnailUrl":"https:\/\/www.poledance-angouleme.fr\/wp-content\/uploads\/2023\/11\/cerceau-aerien-vertical-fit-web.jpg","datePublished":"2021-05-27T15:00:54+00:00","dateModified":"2025-06-20T09:10:31+00:00","description":"Cette discipline a\u00e9rienne est vraiment magique ! Elle consiste \u00e0 r\u00e9aliser de jolies figures \u00e0 l\u2019int\u00e9rieur d\u2019un cerceau accroch\u00e9 au plafond ! Pour cela, nul besoin d\u2019\u00eatre gymnaste ni circassien !","breadcrumb":{"@id":"https:\/\/www.poledance-angouleme.fr\/aeriens\/cerceau-aerien-angouleme\/#breadcrumb"},"inLanguage":"en-US","potentialAction":[{"@type":"ReadAction","target":["https:\/\/www.poledance-angouleme.fr\/aeriens\/cerceau-aerien-angouleme\/"]}]},{"@type":"ImageObject","inLanguage":"en-US","@id":"https:\/\/www.poledance-angouleme.fr\/aeriens\/cerceau-aerien-angouleme\/#primaryimage","url":"https:\/\/www.poledance-angouleme.fr\/wp-content\/uploads\/2023\/11\/cerceau-aerien-vertical-fit-web.jpg","contentUrl":"https:\/\/www.poledance-angouleme.fr\/wp-content\/uploads\/2023\/11\/cerceau-aerien-vertical-fit-web.jpg","width":573,"height":800,"caption":"Cerceau a\u00e9rien"},{"@type":"BreadcrumbList","@id":"https:\/\/www.poledance-angouleme.fr\/aeriens\/cerceau-aerien-angouleme\/#breadcrumb","itemListElement":[{"@type":"ListItem","position":1,"name":"Accueil","item":"https:\/\/www.poledance-angouleme.fr\/"},{"@type":"ListItem","position":2,"name":"A\u00e9riens","item":"https:\/\/www.poledance-angouleme.fr\/aeriens\/"},{"@type":"ListItem","position":3,"name":"Cerceau a\u00e9rien"}]},{"@type":"WebSite","@id":"https:\/\/www.poledance-angouleme.fr\/#website","url":"https:\/\/www.poledance-angouleme.fr\/","name":"Vertical Fit - Pole dance \u00e0 Angoul\u00eame","description":"Pole dance et pole fitness \u00e0 Angoul\u00eame en Charente","publisher":{"@id":"https:\/\/www.poledance-angouleme.fr\/#organization"},"potentialAction":[{"@type":"SearchAction","target":{"@type":"EntryPoint","urlTemplate":"https:\/\/www.poledance-angouleme.fr\/?s={search_term_string}"},"query-input":"required name=search_term_string"}],"inLanguage":"en-US"},{"@type":"Organization","@id":"https:\/\/www.poledance-angouleme.fr\/#organization","name":"Vertical Fit - Pole dance \u00e0 Angoul\u00eame","url":"https:\/\/www.poledance-angouleme.fr\/","logo":{"@type":"ImageObject","inLanguage":"en-US","@id":"https:\/\/www.poledance-angouleme.fr\/#\/schema\/logo\/image\/","url":"https:\/\/www.poledance-angouleme.fr\/wp-content\/uploads\/2018\/05\/cropped-logolong-verticalfit-poledance-stjunien.png","contentUrl":"https:\/\/www.poledance-angouleme.fr\/wp-content\/uploads\/2018\/05\/cropped-logolong-verticalfit-poledance-stjunien.png","width":364,"height":75,"caption":"Vertical Fit - Pole dance \u00e0 Angoul\u00eame"},"image":{"@id":"https:\/\/www.poledance-angouleme.fr\/#\/schema\/logo\/image\/"}}]}},"_links":{"self":[{"href":"https:\/\/www.poledance-angouleme.fr\/en\/wp-json\/wp\/v2\/pages\/587"}],"collection":[{"href":"https:\/\/www.poledance-angouleme.fr\/en\/wp-json\/wp\/v2\/pages"}],"about":[{"href":"https:\/\/www.poledance-angouleme.fr\/en\/wp-json\/wp\/v2\/types\/page"}],"author":[{"embeddable":true,"href":"https:\/\/www.poledance-angouleme.fr\/en\/wp-json\/wp\/v2\/users\/1"}],"replies":[{"embeddable":true,"href":"https:\/\/www.poledance-angouleme.fr\/en\/wp-json\/wp\/v2\/comments?post=587"}],"version-history":[{"count":5,"href":"https:\/\/www.poledance-angouleme.fr\/en\/wp-json\/wp\/v2\/pages\/587\/revisions"}],"predecessor-version":[{"id":1341,"href":"https:\/\/www.poledance-angouleme.fr\/en\/wp-json\/wp\/v2\/pages\/587\/revisions\/1341"}],"up":[{"embeddable":true,"href":"https:\/\/www.poledance-angouleme.fr\/en\/wp-json\/wp\/v2\/pages\/1336"}],"wp:attachment":[{"href":"https:\/\/www.poledance-angouleme.fr\/en\/wp-json\/wp\/v2\/media?parent=587"}],"curies":[{"name":"wp","href":"https:\/\/api.w.org\/{rel}","templated":true}]}}