{"id":596,"date":"2021-05-27T17:08:40","date_gmt":"2021-05-27T15:08:40","guid":{"rendered":"https:\/\/www.poledance-angouleme.fr\/?page_id=596"},"modified":"2026-03-25T12:20:22","modified_gmt":"2026-03-25T11:20:22","slug":"twerk-angouleme","status":"publish","type":"page","link":"https:\/\/www.poledance-angouleme.fr\/en\/activites-complementaires\/twerk-angouleme\/","title":{"rendered":"Twerk"},"content":{"rendered":"<div class=\"wp-block-media-text alignwide has-media-on-the-right is-stacked-on-mobile\">\r\n<figure class=\"wp-block-media-text__media\">\r\n<figure id=\"attachment_1426\" aria-describedby=\"caption-attachment-1426\" style=\"width: 425px\" class=\"wp-caption alignnone\"><img loading=\"lazy\" decoding=\"async\" class=\"wp-image-1426\" src=\"https:\/\/www.poledance-angouleme.fr\/wp-content\/uploads\/2026\/03\/twerk-angouleme-scaled.jpg\" alt=\"Twerk Angoul\u00eame\" width=\"425\" height=\"637\" srcset=\"https:\/\/www.poledance-angouleme.fr\/wp-content\/uploads\/2026\/03\/twerk-angouleme-scaled.jpg 1708w, https:\/\/www.poledance-angouleme.fr\/wp-content\/uploads\/2026\/03\/twerk-angouleme-200x300.jpg 200w, https:\/\/www.poledance-angouleme.fr\/wp-content\/uploads\/2026\/03\/twerk-angouleme-683x1024.jpg 683w, https:\/\/www.poledance-angouleme.fr\/wp-content\/uploads\/2026\/03\/twerk-angouleme-768x1151.jpg 768w, https:\/\/www.poledance-angouleme.fr\/wp-content\/uploads\/2026\/03\/twerk-angouleme-1025x1536.jpg 1025w, https:\/\/www.poledance-angouleme.fr\/wp-content\/uploads\/2026\/03\/twerk-angouleme-1366x2048.jpg 1366w, https:\/\/www.poledance-angouleme.fr\/wp-content\/uploads\/2026\/03\/twerk-angouleme-8x12.jpg 8w\" sizes=\"(max-width: 425px) 100vw, 425px\" \/><figcaption id=\"caption-attachment-1426\" class=\"wp-caption-text\">Photo @ Natacha Meyer Photography<\/figcaption><\/figure>\r\n<\/figure>\r\n<div class=\"wp-block-media-text__content\">\r\n<p>This dance spread all over the world in the 2010s thanks to Miley Cyrus and has been talked about a lot ever since!<\/p>\r\n\r\n\r\n\r\n<p>If you thought <strong>twerk <\/strong>is just about wiggling your butt\u2026 think again!<br \/>There is an impressive range of movements!<\/p>\r\n\r\n\r\n\r\n<p>In addition, it is a dance that lets off steam, makes you aware of your body, and makes you smile from ear to ear!<\/p>\r\n\r\n\r\n\r\n<p>This course is for all levels, and is accessible to people who have never practiced dance.<\/p>\r\n\r\n\r\n\r\n<p>This <strong>twerk lesson<\/strong> est programm\u00e9 au planning de fa\u00e7on non-r\u00e9guli\u00e8re.<\/p>\r\n\r\n\r\n\r\n<p><strong>Outfit:<\/strong><br \/>Bring a comfortable outfit: sports bra or tank top, shorts.<br \/>If you have sneakers, they should have a clean sole.<br \/>Possibility to practice barefoot.<\/p>\r\n<\/div>\r\n<\/div>","protected":false},"excerpt":{"rendered":"<p>Cette danse s\u2019est r\u00e9pandue dans le monde entier dans les ann\u00e9es 2010 gr\u00e2ce \u00e0 Miley Cyrus et depuis, elle fait beaucoup parler d\u2019elle ! Si vous pensiez que le twerk consiste \u00e0 seulement remuer ses fesses\u2026 d\u00e9trompez-vous !Il existe un panel de mouvements impressionnant ! En plus, c\u2019est une danse qui d\u00e9foule, fait prendre conscience [&hellip;]<\/p>","protected":false},"author":1,"featured_media":0,"parent":22,"menu_order":3,"comment_status":"closed","ping_status":"closed","template":"","meta":{"sfsi_plus_gutenberg_text_before_share":"","sfsi_plus_gutenberg_show_text_before_share":"","sfsi_plus_gutenberg_icon_type":"","sfsi_plus_gutenberg_icon_alignemt":"","sfsi_plus_gutenburg_max_per_row":"","_exactmetrics_skip_tracking":false,"_exactmetrics_sitenote_active":false,"_exactmetrics_sitenote_note":"","_exactmetrics_sitenote_category":0,"footnotes":""},"yoast_head":"<!-- This site is optimized with the Yoast SEO plugin v22.3 - https:\/\/yoast.com\/wordpress\/plugins\/seo\/ -->\n<title>Twerk - Vertical Fit - Pole dance \u00e0 Angoul\u00eame<\/title>\n<meta name=\"description\" content=\"Le twerk est une danse qui s\u2019est r\u00e9pandue dans le monde entier dans les ann\u00e9es 2010 gr\u00e2ce \u00e0 Miley Cyrus et depuis, elle fait beaucoup parler d\u2019elle !\" \/>\n<meta name=\"robots\" content=\"index, follow, max-snippet:-1, max-image-preview:large, max-video-preview:-1\" \/>\n<link rel=\"canonical\" href=\"https:\/\/www.poledance-angouleme.fr\/en\/activites-complementaires\/twerk-angouleme\/\" \/>\n<meta property=\"og:locale\" content=\"en_US\" \/>\n<meta property=\"og:type\" content=\"article\" \/>\n<meta property=\"og:title\" content=\"Twerk - Vertical Fit - Pole dance \u00e0 Angoul\u00eame\" \/>\n<meta property=\"og:description\" content=\"Le twerk est une danse qui s\u2019est r\u00e9pandue dans le monde entier dans les ann\u00e9es 2010 gr\u00e2ce \u00e0 Miley Cyrus et depuis, elle fait beaucoup parler d\u2019elle !\" \/>\n<meta property=\"og:url\" content=\"https:\/\/www.poledance-angouleme.fr\/en\/activites-complementaires\/twerk-angouleme\/\" \/>\n<meta property=\"og:site_name\" content=\"Vertical Fit - Pole dance \u00e0 Angoul\u00eame\" \/>\n<meta property=\"article:modified_time\" content=\"2026-03-25T11:20:22+00:00\" \/>\n<meta property=\"og:image\" content=\"https:\/\/www.poledance-angouleme.fr\/wp-content\/uploads\/2026\/03\/twerk-angouleme-scaled.jpg\" \/>\n<meta name=\"twitter:label1\" content=\"Est. reading time\" \/>\n\t<meta name=\"twitter:data1\" content=\"1 minute\" \/>\n<script type=\"application\/ld+json\" class=\"yoast-schema-graph\">{\"@context\":\"https:\/\/schema.org\",\"@graph\":[{\"@type\":\"WebPage\",\"@id\":\"https:\/\/www.poledance-angouleme.fr\/activites-complementaires\/twerk-angouleme\/\",\"url\":\"https:\/\/www.poledance-angouleme.fr\/activites-complementaires\/twerk-angouleme\/\",\"name\":\"Twerk - Vertical Fit - Pole dance \u00e0 Angoul\u00eame\",\"isPartOf\":{\"@id\":\"https:\/\/www.poledance-angouleme.fr\/#website\"},\"primaryImageOfPage\":{\"@id\":\"https:\/\/www.poledance-angouleme.fr\/activites-complementaires\/twerk-angouleme\/#primaryimage\"},\"image\":{\"@id\":\"https:\/\/www.poledance-angouleme.fr\/activites-complementaires\/twerk-angouleme\/#primaryimage\"},\"thumbnailUrl\":\"https:\/\/www.poledance-angouleme.fr\/wp-content\/uploads\/2026\/03\/twerk-angouleme-scaled.jpg\",\"datePublished\":\"2021-05-27T15:08:40+00:00\",\"dateModified\":\"2026-03-25T11:20:22+00:00\",\"description\":\"Le twerk est une danse qui s\u2019est r\u00e9pandue dans le monde entier dans les ann\u00e9es 2010 gr\u00e2ce \u00e0 Miley Cyrus et depuis, elle fait beaucoup parler d\u2019elle !\",\"breadcrumb\":{\"@id\":\"https:\/\/www.poledance-angouleme.fr\/activites-complementaires\/twerk-angouleme\/#breadcrumb\"},\"inLanguage\":\"en-US\",\"potentialAction\":[{\"@type\":\"ReadAction\",\"target\":[\"https:\/\/www.poledance-angouleme.fr\/activites-complementaires\/twerk-angouleme\/\"]}]},{\"@type\":\"ImageObject\",\"inLanguage\":\"en-US\",\"@id\":\"https:\/\/www.poledance-angouleme.fr\/activites-complementaires\/twerk-angouleme\/#primaryimage\",\"url\":\"https:\/\/www.poledance-angouleme.fr\/wp-content\/uploads\/2026\/03\/twerk-angouleme-scaled.jpg\",\"contentUrl\":\"https:\/\/www.poledance-angouleme.fr\/wp-content\/uploads\/2026\/03\/twerk-angouleme-scaled.jpg\",\"width\":1708,\"height\":2560,\"caption\":\"Photo @ Natacha Meyer Photography\"},{\"@type\":\"BreadcrumbList\",\"@id\":\"https:\/\/www.poledance-angouleme.fr\/activites-complementaires\/twerk-angouleme\/#breadcrumb\",\"itemListElement\":[{\"@type\":\"ListItem\",\"position\":1,\"name\":\"Accueil\",\"item\":\"https:\/\/www.poledance-angouleme.fr\/\"},{\"@type\":\"ListItem\",\"position\":2,\"name\":\"Activit\u00e9s compl\u00e9mentaires\",\"item\":\"https:\/\/www.poledance-angouleme.fr\/en\/activites-complementaires\/\"},{\"@type\":\"ListItem\",\"position\":3,\"name\":\"Twerk\"}]},{\"@type\":\"WebSite\",\"@id\":\"https:\/\/www.poledance-angouleme.fr\/#website\",\"url\":\"https:\/\/www.poledance-angouleme.fr\/\",\"name\":\"Vertical Fit - Pole dance \u00e0 Angoul\u00eame\",\"description\":\"Pole dance et pole fitness \u00e0 Angoul\u00eame en Charente\",\"publisher\":{\"@id\":\"https:\/\/www.poledance-angouleme.fr\/#organization\"},\"potentialAction\":[{\"@type\":\"SearchAction\",\"target\":{\"@type\":\"EntryPoint\",\"urlTemplate\":\"https:\/\/www.poledance-angouleme.fr\/?s={search_term_string}\"},\"query-input\":\"required name=search_term_string\"}],\"inLanguage\":\"en-US\"},{\"@type\":\"Organization\",\"@id\":\"https:\/\/www.poledance-angouleme.fr\/#organization\",\"name\":\"Vertical Fit - Pole dance \u00e0 Angoul\u00eame\",\"url\":\"https:\/\/www.poledance-angouleme.fr\/\",\"logo\":{\"@type\":\"ImageObject\",\"inLanguage\":\"en-US\",\"@id\":\"https:\/\/www.poledance-angouleme.fr\/#\/schema\/logo\/image\/\",\"url\":\"https:\/\/www.poledance-angouleme.fr\/wp-content\/uploads\/2018\/05\/cropped-logolong-verticalfit-poledance-stjunien.png\",\"contentUrl\":\"https:\/\/www.poledance-angouleme.fr\/wp-content\/uploads\/2018\/05\/cropped-logolong-verticalfit-poledance-stjunien.png\",\"width\":364,\"height\":75,\"caption\":\"Vertical Fit - Pole dance \u00e0 Angoul\u00eame\"},\"image\":{\"@id\":\"https:\/\/www.poledance-angouleme.fr\/#\/schema\/logo\/image\/\"}}]}<\/script>\n<!-- \/ Yoast SEO plugin. -->","yoast_head_json":{"title":"Twerk - Vertical Fit - Pole dance \u00e0 Angoul\u00eame","description":"Le twerk est une danse qui s\u2019est r\u00e9pandue dans le monde entier dans les ann\u00e9es 2010 gr\u00e2ce \u00e0 Miley Cyrus et depuis, elle fait beaucoup parler d\u2019elle !","robots":{"index":"index","follow":"follow","max-snippet":"max-snippet:-1","max-image-preview":"max-image-preview:large","max-video-preview":"max-video-preview:-1"},"canonical":"https:\/\/www.poledance-angouleme.fr\/en\/activites-complementaires\/twerk-angouleme\/","og_locale":"en_US","og_type":"article","og_title":"Twerk - Vertical Fit - Pole dance \u00e0 Angoul\u00eame","og_description":"Le twerk est une danse qui s\u2019est r\u00e9pandue dans le monde entier dans les ann\u00e9es 2010 gr\u00e2ce \u00e0 Miley Cyrus et depuis, elle fait beaucoup parler d\u2019elle !","og_url":"https:\/\/www.poledance-angouleme.fr\/en\/activites-complementaires\/twerk-angouleme\/","og_site_name":"Vertical Fit - Pole dance \u00e0 Angoul\u00eame","article_modified_time":"2026-03-25T11:20:22+00:00","og_image":[{"url":"https:\/\/www.poledance-angouleme.fr\/wp-content\/uploads\/2026\/03\/twerk-angouleme-scaled.jpg"}],"twitter_misc":{"Est. reading time":"1 minute"},"schema":{"@context":"https:\/\/schema.org","@graph":[{"@type":"WebPage","@id":"https:\/\/www.poledance-angouleme.fr\/activites-complementaires\/twerk-angouleme\/","url":"https:\/\/www.poledance-angouleme.fr\/activites-complementaires\/twerk-angouleme\/","name":"Twerk - Vertical Fit - Pole dance \u00e0 Angoul\u00eame","isPartOf":{"@id":"https:\/\/www.poledance-angouleme.fr\/#website"},"primaryImageOfPage":{"@id":"https:\/\/www.poledance-angouleme.fr\/activites-complementaires\/twerk-angouleme\/#primaryimage"},"image":{"@id":"https:\/\/www.poledance-angouleme.fr\/activites-complementaires\/twerk-angouleme\/#primaryimage"},"thumbnailUrl":"https:\/\/www.poledance-angouleme.fr\/wp-content\/uploads\/2026\/03\/twerk-angouleme-scaled.jpg","datePublished":"2021-05-27T15:08:40+00:00","dateModified":"2026-03-25T11:20:22+00:00","description":"Le twerk est une danse qui s\u2019est r\u00e9pandue dans le monde entier dans les ann\u00e9es 2010 gr\u00e2ce \u00e0 Miley Cyrus et depuis, elle fait beaucoup parler d\u2019elle !","breadcrumb":{"@id":"https:\/\/www.poledance-angouleme.fr\/activites-complementaires\/twerk-angouleme\/#breadcrumb"},"inLanguage":"en-US","potentialAction":[{"@type":"ReadAction","target":["https:\/\/www.poledance-angouleme.fr\/activites-complementaires\/twerk-angouleme\/"]}]},{"@type":"ImageObject","inLanguage":"en-US","@id":"https:\/\/www.poledance-angouleme.fr\/activites-complementaires\/twerk-angouleme\/#primaryimage","url":"https:\/\/www.poledance-angouleme.fr\/wp-content\/uploads\/2026\/03\/twerk-angouleme-scaled.jpg","contentUrl":"https:\/\/www.poledance-angouleme.fr\/wp-content\/uploads\/2026\/03\/twerk-angouleme-scaled.jpg","width":1708,"height":2560,"caption":"Photo @ Natacha Meyer Photography"},{"@type":"BreadcrumbList","@id":"https:\/\/www.poledance-angouleme.fr\/activites-complementaires\/twerk-angouleme\/#breadcrumb","itemListElement":[{"@type":"ListItem","position":1,"name":"Accueil","item":"https:\/\/www.poledance-angouleme.fr\/"},{"@type":"ListItem","position":2,"name":"Activit\u00e9s compl\u00e9mentaires","item":"https:\/\/www.poledance-angouleme.fr\/en\/activites-complementaires\/"},{"@type":"ListItem","position":3,"name":"Twerk"}]},{"@type":"WebSite","@id":"https:\/\/www.poledance-angouleme.fr\/#website","url":"https:\/\/www.poledance-angouleme.fr\/","name":"Vertical Fit - Pole dance \u00e0 Angoul\u00eame","description":"Pole dance et pole fitness \u00e0 Angoul\u00eame en Charente","publisher":{"@id":"https:\/\/www.poledance-angouleme.fr\/#organization"},"potentialAction":[{"@type":"SearchAction","target":{"@type":"EntryPoint","urlTemplate":"https:\/\/www.poledance-angouleme.fr\/?s={search_term_string}"},"query-input":"required name=search_term_string"}],"inLanguage":"en-US"},{"@type":"Organization","@id":"https:\/\/www.poledance-angouleme.fr\/#organization","name":"Vertical Fit - Pole dance \u00e0 Angoul\u00eame","url":"https:\/\/www.poledance-angouleme.fr\/","logo":{"@type":"ImageObject","inLanguage":"en-US","@id":"https:\/\/www.poledance-angouleme.fr\/#\/schema\/logo\/image\/","url":"https:\/\/www.poledance-angouleme.fr\/wp-content\/uploads\/2018\/05\/cropped-logolong-verticalfit-poledance-stjunien.png","contentUrl":"https:\/\/www.poledance-angouleme.fr\/wp-content\/uploads\/2018\/05\/cropped-logolong-verticalfit-poledance-stjunien.png","width":364,"height":75,"caption":"Vertical Fit - Pole dance \u00e0 Angoul\u00eame"},"image":{"@id":"https:\/\/www.poledance-angouleme.fr\/#\/schema\/logo\/image\/"}}]}},"_links":{"self":[{"href":"https:\/\/www.poledance-angouleme.fr\/en\/wp-json\/wp\/v2\/pages\/596"}],"collection":[{"href":"https:\/\/www.poledance-angouleme.fr\/en\/wp-json\/wp\/v2\/pages"}],"about":[{"href":"https:\/\/www.poledance-angouleme.fr\/en\/wp-json\/wp\/v2\/types\/page"}],"author":[{"embeddable":true,"href":"https:\/\/www.poledance-angouleme.fr\/en\/wp-json\/wp\/v2\/users\/1"}],"replies":[{"embeddable":true,"href":"https:\/\/www.poledance-angouleme.fr\/en\/wp-json\/wp\/v2\/comments?post=596"}],"version-history":[{"count":4,"href":"https:\/\/www.poledance-angouleme.fr\/en\/wp-json\/wp\/v2\/pages\/596\/revisions"}],"predecessor-version":[{"id":1427,"href":"https:\/\/www.poledance-angouleme.fr\/en\/wp-json\/wp\/v2\/pages\/596\/revisions\/1427"}],"up":[{"embeddable":true,"href":"https:\/\/www.poledance-angouleme.fr\/en\/wp-json\/wp\/v2\/pages\/22"}],"wp:attachment":[{"href":"https:\/\/www.poledance-angouleme.fr\/en\/wp-json\/wp\/v2\/media?parent=596"}],"curies":[{"name":"wp","href":"https:\/\/api.w.org\/{rel}","templated":true}]}}