{"id":67,"date":"2017-10-17T13:46:28","date_gmt":"2017-10-17T11:46:28","guid":{"rendered":"http:\/\/concepteur-multimedia-lyon.com\/verticalfit\/?page_id=67"},"modified":"2023-08-07T13:39:43","modified_gmt":"2023-08-07T11:39:43","slug":"accueil","status":"publish","type":"page","link":"https:\/\/www.poledance-angouleme.fr\/en\/","title":{"rendered":"Accueil"},"content":{"rendered":"<p style=\"text-align: center;\">Vertical Fit is a <strong>pole dance school<\/strong> located in Angoul\u00eame, Charente.<br \/>\nHave you always dreamed of trying <strong>pole dancing<\/strong> ? Come discover this discipline without further delay!<br \/>\nVertical Fit welcomes you at 171 rue de P\u00e9rigueux in Angoul\u00eame in a 170m2 studio dedicated to pole dancing!<\/p>\n<div class=\"n2_ss_slider_publish__option_code\" data-mode=\"id\"><\/div>","protected":false},"excerpt":{"rendered":"<p>Vertical Fit est une \u00e9cole de pole dance situ\u00e9e \u00e0 Angoul\u00eame en Charente . Vous avez toujours r\u00eav\u00e9 de tester la pole dance ? Venez d\u00e9couvrir cette discipline sans plus attendre ! Vertical Fit vous accueille au 171 rue de P\u00e9rigueux \u00e0 Angoul\u00eame dans un studio de 170m2 d\u00e9di\u00e9 \u00e0 la pole dance !<\/p>","protected":false},"author":1,"featured_media":0,"parent":0,"menu_order":0,"comment_status":"closed","ping_status":"closed","template":"","meta":{"sfsi_plus_gutenberg_text_before_share":"","sfsi_plus_gutenberg_show_text_before_share":"","sfsi_plus_gutenberg_icon_type":"","sfsi_plus_gutenberg_icon_alignemt":"","sfsi_plus_gutenburg_max_per_row":"","_exactmetrics_skip_tracking":false,"_exactmetrics_sitenote_active":false,"_exactmetrics_sitenote_note":"","_exactmetrics_sitenote_category":0,"footnotes":""},"yoast_head":"<!-- This site is optimized with the Yoast SEO plugin v22.3 - https:\/\/yoast.com\/wordpress\/plugins\/seo\/ -->\n<title>Accueil - Vertical Fit - Pole dance \u00e0 Angoul\u00eame<\/title>\n<meta name=\"description\" content=\"Vertical Fit est une \u00e9cole de pole dance situ\u00e9e \u00e0 Angoul\u00eame en Charente . Vous avez toujours r\u00eav\u00e9 de tester la pole dance ? D\u00e9couvrez-la vite\" \/>\n<meta name=\"robots\" content=\"index, follow, max-snippet:-1, max-image-preview:large, max-video-preview:-1\" \/>\n<link rel=\"canonical\" href=\"https:\/\/www.poledance-angouleme.fr\/en\/\" \/>\n<meta property=\"og:locale\" content=\"en_US\" \/>\n<meta property=\"og:type\" content=\"article\" \/>\n<meta property=\"og:title\" content=\"Accueil - Vertical Fit - Pole dance \u00e0 Angoul\u00eame\" \/>\n<meta property=\"og:description\" content=\"Vertical Fit est une \u00e9cole de pole dance situ\u00e9e \u00e0 Angoul\u00eame en Charente . Vous avez toujours r\u00eav\u00e9 de tester la pole dance ? D\u00e9couvrez-la vite\" \/>\n<meta property=\"og:url\" content=\"https:\/\/www.poledance-angouleme.fr\/en\/\" \/>\n<meta property=\"og:site_name\" content=\"Vertical Fit - Pole dance \u00e0 Angoul\u00eame\" \/>\n<meta property=\"article:modified_time\" content=\"2023-08-07T11:39:43+00:00\" \/>\n<script type=\"application\/ld+json\" class=\"yoast-schema-graph\">{\"@context\":\"https:\/\/schema.org\",\"@graph\":[{\"@type\":\"WebPage\",\"@id\":\"https:\/\/www.poledance-angouleme.fr\/\",\"url\":\"https:\/\/www.poledance-angouleme.fr\/\",\"name\":\"Accueil - Vertical Fit - Pole dance \u00e0 Angoul\u00eame\",\"isPartOf\":{\"@id\":\"https:\/\/www.poledance-angouleme.fr\/#website\"},\"datePublished\":\"2017-10-17T11:46:28+00:00\",\"dateModified\":\"2023-08-07T11:39:43+00:00\",\"description\":\"Vertical Fit est une \u00e9cole de pole dance situ\u00e9e \u00e0 Angoul\u00eame en Charente . Vous avez toujours r\u00eav\u00e9 de tester la pole dance ? D\u00e9couvrez-la vite\",\"breadcrumb\":{\"@id\":\"https:\/\/www.poledance-angouleme.fr\/#breadcrumb\"},\"inLanguage\":\"en-US\",\"potentialAction\":[{\"@type\":\"ReadAction\",\"target\":[\"https:\/\/www.poledance-angouleme.fr\/\"]}]},{\"@type\":\"BreadcrumbList\",\"@id\":\"https:\/\/www.poledance-angouleme.fr\/#breadcrumb\",\"itemListElement\":[{\"@type\":\"ListItem\",\"position\":1,\"name\":\"Accueil\",\"item\":\"https:\/\/www.poledance-angouleme.fr\/\"},{\"@type\":\"ListItem\",\"position\":2,\"name\":\"Accueil\"}]},{\"@type\":\"WebSite\",\"@id\":\"https:\/\/www.poledance-angouleme.fr\/#website\",\"url\":\"https:\/\/www.poledance-angouleme.fr\/\",\"name\":\"Vertical Fit - Pole dance \u00e0 Angoul\u00eame\",\"description\":\"Pole dance et pole fitness \u00e0 Angoul\u00eame en Charente\",\"publisher\":{\"@id\":\"https:\/\/www.poledance-angouleme.fr\/#organization\"},\"potentialAction\":[{\"@type\":\"SearchAction\",\"target\":{\"@type\":\"EntryPoint\",\"urlTemplate\":\"https:\/\/www.poledance-angouleme.fr\/?s={search_term_string}\"},\"query-input\":\"required name=search_term_string\"}],\"inLanguage\":\"en-US\"},{\"@type\":\"Organization\",\"@id\":\"https:\/\/www.poledance-angouleme.fr\/#organization\",\"name\":\"Vertical Fit - Pole dance \u00e0 Angoul\u00eame\",\"url\":\"https:\/\/www.poledance-angouleme.fr\/\",\"logo\":{\"@type\":\"ImageObject\",\"inLanguage\":\"en-US\",\"@id\":\"https:\/\/www.poledance-angouleme.fr\/#\/schema\/logo\/image\/\",\"url\":\"https:\/\/www.poledance-angouleme.fr\/wp-content\/uploads\/2018\/05\/cropped-logolong-verticalfit-poledance-stjunien.png\",\"contentUrl\":\"https:\/\/www.poledance-angouleme.fr\/wp-content\/uploads\/2018\/05\/cropped-logolong-verticalfit-poledance-stjunien.png\",\"width\":364,\"height\":75,\"caption\":\"Vertical Fit - Pole dance \u00e0 Angoul\u00eame\"},\"image\":{\"@id\":\"https:\/\/www.poledance-angouleme.fr\/#\/schema\/logo\/image\/\"}}]}<\/script>\n<!-- \/ Yoast SEO plugin. -->","yoast_head_json":{"title":"Accueil - Vertical Fit - Pole dance \u00e0 Angoul\u00eame","description":"Vertical Fit est une \u00e9cole de pole dance situ\u00e9e \u00e0 Angoul\u00eame en Charente . Vous avez toujours r\u00eav\u00e9 de tester la pole dance ? D\u00e9couvrez-la vite","robots":{"index":"index","follow":"follow","max-snippet":"max-snippet:-1","max-image-preview":"max-image-preview:large","max-video-preview":"max-video-preview:-1"},"canonical":"https:\/\/www.poledance-angouleme.fr\/en\/","og_locale":"en_US","og_type":"article","og_title":"Accueil - Vertical Fit - Pole dance \u00e0 Angoul\u00eame","og_description":"Vertical Fit est une \u00e9cole de pole dance situ\u00e9e \u00e0 Angoul\u00eame en Charente . Vous avez toujours r\u00eav\u00e9 de tester la pole dance ? D\u00e9couvrez-la vite","og_url":"https:\/\/www.poledance-angouleme.fr\/en\/","og_site_name":"Vertical Fit - Pole dance \u00e0 Angoul\u00eame","article_modified_time":"2023-08-07T11:39:43+00:00","schema":{"@context":"https:\/\/schema.org","@graph":[{"@type":"WebPage","@id":"https:\/\/www.poledance-angouleme.fr\/","url":"https:\/\/www.poledance-angouleme.fr\/","name":"Accueil - Vertical Fit - Pole dance \u00e0 Angoul\u00eame","isPartOf":{"@id":"https:\/\/www.poledance-angouleme.fr\/#website"},"datePublished":"2017-10-17T11:46:28+00:00","dateModified":"2023-08-07T11:39:43+00:00","description":"Vertical Fit est une \u00e9cole de pole dance situ\u00e9e \u00e0 Angoul\u00eame en Charente . Vous avez toujours r\u00eav\u00e9 de tester la pole dance ? D\u00e9couvrez-la vite","breadcrumb":{"@id":"https:\/\/www.poledance-angouleme.fr\/#breadcrumb"},"inLanguage":"en-US","potentialAction":[{"@type":"ReadAction","target":["https:\/\/www.poledance-angouleme.fr\/"]}]},{"@type":"BreadcrumbList","@id":"https:\/\/www.poledance-angouleme.fr\/#breadcrumb","itemListElement":[{"@type":"ListItem","position":1,"name":"Accueil","item":"https:\/\/www.poledance-angouleme.fr\/"},{"@type":"ListItem","position":2,"name":"Accueil"}]},{"@type":"WebSite","@id":"https:\/\/www.poledance-angouleme.fr\/#website","url":"https:\/\/www.poledance-angouleme.fr\/","name":"Vertical Fit - Pole dance \u00e0 Angoul\u00eame","description":"Pole dance et pole fitness \u00e0 Angoul\u00eame en Charente","publisher":{"@id":"https:\/\/www.poledance-angouleme.fr\/#organization"},"potentialAction":[{"@type":"SearchAction","target":{"@type":"EntryPoint","urlTemplate":"https:\/\/www.poledance-angouleme.fr\/?s={search_term_string}"},"query-input":"required name=search_term_string"}],"inLanguage":"en-US"},{"@type":"Organization","@id":"https:\/\/www.poledance-angouleme.fr\/#organization","name":"Vertical Fit - Pole dance \u00e0 Angoul\u00eame","url":"https:\/\/www.poledance-angouleme.fr\/","logo":{"@type":"ImageObject","inLanguage":"en-US","@id":"https:\/\/www.poledance-angouleme.fr\/#\/schema\/logo\/image\/","url":"https:\/\/www.poledance-angouleme.fr\/wp-content\/uploads\/2018\/05\/cropped-logolong-verticalfit-poledance-stjunien.png","contentUrl":"https:\/\/www.poledance-angouleme.fr\/wp-content\/uploads\/2018\/05\/cropped-logolong-verticalfit-poledance-stjunien.png","width":364,"height":75,"caption":"Vertical Fit - Pole dance \u00e0 Angoul\u00eame"},"image":{"@id":"https:\/\/www.poledance-angouleme.fr\/#\/schema\/logo\/image\/"}}]}},"_links":{"self":[{"href":"https:\/\/www.poledance-angouleme.fr\/en\/wp-json\/wp\/v2\/pages\/67"}],"collection":[{"href":"https:\/\/www.poledance-angouleme.fr\/en\/wp-json\/wp\/v2\/pages"}],"about":[{"href":"https:\/\/www.poledance-angouleme.fr\/en\/wp-json\/wp\/v2\/types\/page"}],"author":[{"embeddable":true,"href":"https:\/\/www.poledance-angouleme.fr\/en\/wp-json\/wp\/v2\/users\/1"}],"replies":[{"embeddable":true,"href":"https:\/\/www.poledance-angouleme.fr\/en\/wp-json\/wp\/v2\/comments?post=67"}],"version-history":[{"count":12,"href":"https:\/\/www.poledance-angouleme.fr\/en\/wp-json\/wp\/v2\/pages\/67\/revisions"}],"predecessor-version":[{"id":995,"href":"https:\/\/www.poledance-angouleme.fr\/en\/wp-json\/wp\/v2\/pages\/67\/revisions\/995"}],"wp:attachment":[{"href":"https:\/\/www.poledance-angouleme.fr\/en\/wp-json\/wp\/v2\/media?parent=67"}],"curies":[{"name":"wp","href":"https:\/\/api.w.org\/{rel}","templated":true}]}}